{"id":957,"date":"2020-08-29T17:44:33","date_gmt":"2020-08-29T15:44:33","guid":{"rendered":"https:\/\/www.lmp.legal\/?page_id=957"},"modified":"2025-05-03T15:20:43","modified_gmt":"2025-05-03T13:20:43","slug":"notfall","status":"publish","type":"page","link":"https:\/\/www.lmp.legal\/index.php\/notfall\/","title":{"rendered":"Notfall"},"content":{"rendered":"<div data-colibri-id=\"957-c1\" class=\"style-602 style-local-957-c1 position-relative\">\n  <!---->\n  <div data-colibri-component=\"section\" data-colibri-id=\"957-c2\" id=\"custom\" class=\"h-section h-section-global-spacing d-flex align-items-lg-center align-items-md-center align-items-center style-603 style-local-957-c2 position-relative\">\n    <!---->\n    <!---->\n    <div class=\"h-section-grid-container h-section-boxed-container\">\n      <!---->\n      <div data-colibri-id=\"957-c3\" class=\"h-row-container gutters-row-lg-2 gutters-row-md-2 gutters-row-0 gutters-row-v-lg-2 gutters-row-v-md-2 gutters-row-v-2 style-604 style-local-957-c3 position-relative\">\n        <!---->\n        <div class=\"h-row justify-content-lg-center justify-content-md-center justify-content-center align-items-lg-stretch align-items-md-stretch align-items-stretch gutters-col-lg-2 gutters-col-md-2 gutters-col-0 gutters-col-v-lg-2 gutters-col-v-md-2 gutters-col-v-2\">\n          <!---->\n          <div class=\"h-column h-column-container d-flex h-col-lg-auto h-col-md-auto h-col-auto style-605-outer style-local-957-c4-outer\">\n            <div data-colibri-id=\"957-c4\" class=\"d-flex h-flex-basis h-column__inner h-px-lg-2 h-px-md-2 h-px-2 v-inner-lg-2 v-inner-md-2 v-inner-2 style-605 style-local-957-c4 position-relative\">\n              <!---->\n              <!---->\n              <div class=\"w-100 h-y-container h-column__content h-column__v-align flex-basis-100 align-self-lg-start align-self-md-start align-self-start\">\n                <!---->\n                <div data-colibri-id=\"957-c5\" class=\"h-text h-text-component style-606 style-local-957-c5 position-relative h-element\">\n                  <!---->\n                  <!---->\n                  <div class=\"\">\n                    <p><span style=\"color: rgb(70, 112, 127);\">Werden Sie beschuldigt? Wurden Sie von den Strafverfolgungsbeh\u00f6rden vorgeladen oder gar verhaftet? Ben\u00f6tigen Sie aus anderen Gr\u00fcnden umgehend einen qualifizierten Rechtsanwalt?<\/span><\/p>\n                    <p><span style=\"color: rgb(70, 112, 127);\">Wir stehen Ihnen in dringenden F\u00e4llen<\/span>&nbsp;\n                      <u style=\"color: rgb(70, 112, 127);\">24\/7<\/u><span style=\"color: rgb(70, 112, 127);\">&nbsp;und<\/span>&nbsp;\n                      <u style=\"color: rgb(70, 112, 127);\">365<\/u><span style=\"color: rgb(70, 112, 127);\">&nbsp;Tage im Jahr unterst\u00fctzend zur Seite. Ausserhalb der B\u00fcro\u00f6ffnungszeiten sind wir jederzeit unter +41&nbsp;erreichbar. Im Verhinderungsfalle bitten wir um eine Sprachnachricht mit Angabe Ihrer aktuellen Kontaktdaten. Wir stehen Ihnen schnellstm\u00f6glich zur Seite.<\/span><\/p>\n                  <\/div>\n                <\/div>\n              <\/div>\n            <\/div>\n          <\/div>\n        <\/div>\n      <\/div>\n    <\/div>\n  <\/div>\n<\/div>","protected":false},"excerpt":{"rendered":"<p>Werden Sie beschuldigt? Wurden Sie von den Strafverfolgungsbeh\u00f6rden vorgeladen oder gar verhaftet? Ben\u00f6tigen Sie aus anderen Gr\u00fcnden umgehend einen qualifizierten Rechtsanwalt? Wir stehen Ihnen in dringenden F\u00e4llen&nbsp; 24\/7&nbsp;und&nbsp; 365&nbsp;Tage im Jahr unterst\u00fctzend zur Seite. Ausserhalb der B\u00fcro\u00f6ffnungszeiten sind wir jederzeit unter +41&nbsp;erreichbar. Im Verhinderungsfalle bitten wir um eine Sprachnachricht mit Angabe Ihrer aktuellen Kontaktdaten. Wir [&hellip;]<\/p>\n","protected":false},"author":2,"featured_media":0,"parent":0,"menu_order":0,"comment_status":"closed","ping_status":"closed","template":"page-templates\/full-width-page.php","meta":{"footnotes":""},"class_list":["post-957","page","type-page","status-publish","hentry"],"yoast_head":"<!-- This site is optimized with the Yoast SEO plugin v26.8 - https:\/\/yoast.com\/product\/yoast-seo-wordpress\/ -->\n<title>Notfall - LMP Rechtsanw\u00e4lte GmbH<\/title>\n<meta name=\"description\" content=\"Werden Sie beschuldigt, wurden Sie vorgeladen oder gar verhaftet? Wir stehen Ihnen 24\/7 und 365 Tage im Jahr unterst\u00fctzend zur Seite.\" \/>\n<meta name=\"robots\" content=\"index, follow, max-snippet:-1, max-image-preview:large, max-video-preview:-1\" \/>\n<link rel=\"canonical\" href=\"https:\/\/www.lmp.legal\/index.php\/notfall\/\" \/>\n<meta property=\"og:locale\" content=\"de_DE\" \/>\n<meta property=\"og:type\" content=\"article\" \/>\n<meta property=\"og:title\" content=\"Notfall - LMP Rechtsanw\u00e4lte GmbH\" \/>\n<meta property=\"og:description\" content=\"Werden Sie beschuldigt, wurden Sie vorgeladen oder gar verhaftet? Wir stehen Ihnen 24\/7 und 365 Tage im Jahr unterst\u00fctzend zur Seite.\" \/>\n<meta property=\"og:url\" content=\"https:\/\/www.lmp.legal\/index.php\/notfall\/\" \/>\n<meta property=\"og:site_name\" content=\"LMP Rechtsanw\u00e4lte GmbH\" \/>\n<meta property=\"article:modified_time\" content=\"2025-05-03T13:20:43+00:00\" \/>\n<meta name=\"twitter:card\" content=\"summary_large_image\" \/>\n<script type=\"application\/ld+json\" class=\"yoast-schema-graph\">{\"@context\":\"https:\/\/schema.org\",\"@graph\":[{\"@type\":\"WebPage\",\"@id\":\"https:\/\/www.lmp.legal\/index.php\/notfall\/\",\"url\":\"https:\/\/www.lmp.legal\/index.php\/notfall\/\",\"name\":\"Notfall - LMP Rechtsanw\u00e4lte GmbH\",\"isPartOf\":{\"@id\":\"https:\/\/www.lmp.legal\/#website\"},\"datePublished\":\"2020-08-29T15:44:33+00:00\",\"dateModified\":\"2025-05-03T13:20:43+00:00\",\"description\":\"Werden Sie beschuldigt, wurden Sie vorgeladen oder gar verhaftet? Wir stehen Ihnen 24\/7 und 365 Tage im Jahr unterst\u00fctzend zur Seite.\",\"breadcrumb\":{\"@id\":\"https:\/\/www.lmp.legal\/index.php\/notfall\/#breadcrumb\"},\"inLanguage\":\"de\",\"potentialAction\":[{\"@type\":\"ReadAction\",\"target\":[\"https:\/\/www.lmp.legal\/index.php\/notfall\/\"]}]},{\"@type\":\"BreadcrumbList\",\"@id\":\"https:\/\/www.lmp.legal\/index.php\/notfall\/#breadcrumb\",\"itemListElement\":[{\"@type\":\"ListItem\",\"position\":1,\"name\":\"Home\",\"item\":\"https:\/\/www.lmp.legal\/\"},{\"@type\":\"ListItem\",\"position\":2,\"name\":\"Notfall\"}]},{\"@type\":\"WebSite\",\"@id\":\"https:\/\/www.lmp.legal\/#website\",\"url\":\"https:\/\/www.lmp.legal\/\",\"name\":\"LMP Rechtsanw\u00e4lte GmbH\",\"description\":\"Ihre Boutiquekanzlei\",\"publisher\":{\"@id\":\"https:\/\/www.lmp.legal\/#organization\"},\"potentialAction\":[{\"@type\":\"SearchAction\",\"target\":{\"@type\":\"EntryPoint\",\"urlTemplate\":\"https:\/\/www.lmp.legal\/?s={search_term_string}\"},\"query-input\":{\"@type\":\"PropertyValueSpecification\",\"valueRequired\":true,\"valueName\":\"search_term_string\"}}],\"inLanguage\":\"de\"},{\"@type\":\"Organization\",\"@id\":\"https:\/\/www.lmp.legal\/#organization\",\"name\":\"LMP Rechtsanw\u00e4lte GmbH\",\"url\":\"https:\/\/www.lmp.legal\/\",\"logo\":{\"@type\":\"ImageObject\",\"inLanguage\":\"de\",\"@id\":\"https:\/\/www.lmp.legal\/#\/schema\/logo\/image\/\",\"url\":\"https:\/\/www.lmp.legal\/wp-content\/uploads\/2020\/08\/Original.png\",\"contentUrl\":\"https:\/\/www.lmp.legal\/wp-content\/uploads\/2020\/08\/Original.png\",\"width\":7500,\"height\":7500,\"caption\":\"LMP Rechtsanw\u00e4lte GmbH\"},\"image\":{\"@id\":\"https:\/\/www.lmp.legal\/#\/schema\/logo\/image\/\"}}]}<\/script>\n<!-- \/ Yoast SEO plugin. -->","yoast_head_json":{"title":"Notfall - LMP Rechtsanw\u00e4lte GmbH","description":"Werden Sie beschuldigt, wurden Sie vorgeladen oder gar verhaftet? Wir stehen Ihnen 24\/7 und 365 Tage im Jahr unterst\u00fctzend zur Seite.","robots":{"index":"index","follow":"follow","max-snippet":"max-snippet:-1","max-image-preview":"max-image-preview:large","max-video-preview":"max-video-preview:-1"},"canonical":"https:\/\/www.lmp.legal\/index.php\/notfall\/","og_locale":"de_DE","og_type":"article","og_title":"Notfall - LMP Rechtsanw\u00e4lte GmbH","og_description":"Werden Sie beschuldigt, wurden Sie vorgeladen oder gar verhaftet? Wir stehen Ihnen 24\/7 und 365 Tage im Jahr unterst\u00fctzend zur Seite.","og_url":"https:\/\/www.lmp.legal\/index.php\/notfall\/","og_site_name":"LMP Rechtsanw\u00e4lte GmbH","article_modified_time":"2025-05-03T13:20:43+00:00","twitter_card":"summary_large_image","schema":{"@context":"https:\/\/schema.org","@graph":[{"@type":"WebPage","@id":"https:\/\/www.lmp.legal\/index.php\/notfall\/","url":"https:\/\/www.lmp.legal\/index.php\/notfall\/","name":"Notfall - LMP Rechtsanw\u00e4lte GmbH","isPartOf":{"@id":"https:\/\/www.lmp.legal\/#website"},"datePublished":"2020-08-29T15:44:33+00:00","dateModified":"2025-05-03T13:20:43+00:00","description":"Werden Sie beschuldigt, wurden Sie vorgeladen oder gar verhaftet? Wir stehen Ihnen 24\/7 und 365 Tage im Jahr unterst\u00fctzend zur Seite.","breadcrumb":{"@id":"https:\/\/www.lmp.legal\/index.php\/notfall\/#breadcrumb"},"inLanguage":"de","potentialAction":[{"@type":"ReadAction","target":["https:\/\/www.lmp.legal\/index.php\/notfall\/"]}]},{"@type":"BreadcrumbList","@id":"https:\/\/www.lmp.legal\/index.php\/notfall\/#breadcrumb","itemListElement":[{"@type":"ListItem","position":1,"name":"Home","item":"https:\/\/www.lmp.legal\/"},{"@type":"ListItem","position":2,"name":"Notfall"}]},{"@type":"WebSite","@id":"https:\/\/www.lmp.legal\/#website","url":"https:\/\/www.lmp.legal\/","name":"LMP Rechtsanw\u00e4lte GmbH","description":"Ihre Boutiquekanzlei","publisher":{"@id":"https:\/\/www.lmp.legal\/#organization"},"potentialAction":[{"@type":"SearchAction","target":{"@type":"EntryPoint","urlTemplate":"https:\/\/www.lmp.legal\/?s={search_term_string}"},"query-input":{"@type":"PropertyValueSpecification","valueRequired":true,"valueName":"search_term_string"}}],"inLanguage":"de"},{"@type":"Organization","@id":"https:\/\/www.lmp.legal\/#organization","name":"LMP Rechtsanw\u00e4lte GmbH","url":"https:\/\/www.lmp.legal\/","logo":{"@type":"ImageObject","inLanguage":"de","@id":"https:\/\/www.lmp.legal\/#\/schema\/logo\/image\/","url":"https:\/\/www.lmp.legal\/wp-content\/uploads\/2020\/08\/Original.png","contentUrl":"https:\/\/www.lmp.legal\/wp-content\/uploads\/2020\/08\/Original.png","width":7500,"height":7500,"caption":"LMP Rechtsanw\u00e4lte GmbH"},"image":{"@id":"https:\/\/www.lmp.legal\/#\/schema\/logo\/image\/"}}]}},"jetpack_sharing_enabled":true,"_links":{"self":[{"href":"https:\/\/www.lmp.legal\/index.php\/wp-json\/wp\/v2\/pages\/957","targetHints":{"allow":["GET"]}}],"collection":[{"href":"https:\/\/www.lmp.legal\/index.php\/wp-json\/wp\/v2\/pages"}],"about":[{"href":"https:\/\/www.lmp.legal\/index.php\/wp-json\/wp\/v2\/types\/page"}],"author":[{"embeddable":true,"href":"https:\/\/www.lmp.legal\/index.php\/wp-json\/wp\/v2\/users\/2"}],"replies":[{"embeddable":true,"href":"https:\/\/www.lmp.legal\/index.php\/wp-json\/wp\/v2\/comments?post=957"}],"version-history":[{"count":2,"href":"https:\/\/www.lmp.legal\/index.php\/wp-json\/wp\/v2\/pages\/957\/revisions"}],"predecessor-version":[{"id":2973,"href":"https:\/\/www.lmp.legal\/index.php\/wp-json\/wp\/v2\/pages\/957\/revisions\/2973"}],"wp:attachment":[{"href":"https:\/\/www.lmp.legal\/index.php\/wp-json\/wp\/v2\/media?parent=957"}],"curies":[{"name":"wp","href":"https:\/\/api.w.org\/{rel}","templated":true}]}}