{"id":82,"date":"2020-08-05T14:02:14","date_gmt":"2020-08-05T14:02:14","guid":{"rendered":"http:\/\/34.65.254.237\/?page_id=82"},"modified":"2021-01-12T20:57:06","modified_gmt":"2021-01-12T18:57:06","slug":"verschlusselte-kommunikation","status":"publish","type":"page","link":"https:\/\/www.lmp.legal\/index.php\/verschlusselte-kommunikation\/","title":{"rendered":"Verschl\u00fcsselte Kommunikation"},"content":{"rendered":"<div data-colibri-id=\"82-c1\" class=\"style-336 style-local-82-c1 position-relative\">\n  <!---->\n  <div data-colibri-component=\"section\" data-colibri-id=\"82-c2\" id=\"blank\" class=\"h-section h-section-global-spacing d-flex align-items-lg-end align-items-md-end align-items-end style-337 style-local-82-c2 position-relative\">\n    <!---->\n    <!---->\n    <div class=\"h-section-grid-container h-section-boxed-container\">\n      <!---->\n      <div data-colibri-id=\"82-c3\" class=\"h-row-container gutters-row-lg-2 gutters-row-md-2 gutters-row-0 gutters-row-v-lg-2 gutters-row-v-md-2 gutters-row-v-2 style-338 style-local-82-c3 position-relative\">\n        <!---->\n        <div class=\"h-row justify-content-lg-center justify-content-md-center justify-content-center align-items-lg-stretch align-items-md-stretch align-items-stretch gutters-col-lg-2 gutters-col-md-2 gutters-col-0 gutters-col-v-lg-2 gutters-col-v-md-2 gutters-col-v-2\">\n          <!---->\n          <div class=\"h-column h-column-container d-flex h-col-lg-auto h-col-md-auto h-col-auto style-339-outer style-local-82-c4-outer\">\n            <div data-colibri-id=\"82-c4\" class=\"d-flex h-flex-basis h-column__inner h-px-lg-2 h-px-md-2 h-px-2 v-inner-lg-2 v-inner-md-2 v-inner-2 style-339 style-local-82-c4 position-relative\">\n              <!---->\n              <!---->\n              <div class=\"w-100 h-y-container h-column__content h-column__v-align flex-basis-100 align-self-lg-center align-self-md-center align-self-center\">\n                <!---->\n                <div data-colibri-id=\"82-c5\" class=\"h-text h-text-component style-475 style-local-82-c5 position-relative h-element\">\n                  <!---->\n                  <!---->\n                  <div class=\"\">\n                    <p>Die Kommunikation \u00fcber elektronische Medien (E-Mail, Telefax, Mobiltelefon etc.) bringt Risi\u00adken mit sich. Diese beinhalten bspw. die M\u00f6glichkeit der Einsicht in den Inhalt, zur Manipulation oder Verlust. Solche Risiken k\u00f6nnen mittels\n                      Verschl\u00fcsselung reduziert werden. LMP Rechtsanw\u00e4lte f\u00f6rdert die Nutzung verschl\u00fcsselter Kommunikationsmittel und kann keine Verantwortung f\u00fcr sich aus dem Gebrauch unverschl\u00fcsselter digitaler Kommunikationsmittel ergebende Verletzungen\n                      Ihrer Privatsph\u00e4re oder des Anwaltsgeheimnisses \u00fcbernehmen.<\/p>\n                    <p>Die Verschl\u00fcsselung von E-Mails mittels\n                      <a href=\"https:\/\/gnupg.org\" class=\"customize-unpreviewable\">GPG\/PGP<\/a> (Schl\u00fcssel \u00fcber\n                      <a href=\"https:\/\/keys.openpgp.org\" class=\"customize-unpreviewable\">keys.openpgp.org<\/a> verf\u00fcgbar) oder S\/MIME und die Kommunikation \u00fcber\n                      <a href=\"https:\/\/signal.org\" class=\"customize-unpreviewable\">Signal<\/a> gelten als besonders sicher. Des Weiteren unterst\u00fctzen wir\n                      <a href=\"https:\/\/www.whatsapp.com\" class=\"customize-unpreviewable\">WhatsApp<\/a> sowie iMessage\/FaceTime. Falls Sie andere Kommunikationswege bevorzugen, werden wir dies gerne erm\u00f6glichen.<\/p>\n                  <\/div>\n                <\/div>\n              <\/div>\n            <\/div>\n          <\/div>\n        <\/div>\n      <\/div>\n    <\/div>\n  <\/div>\n<\/div>","protected":false},"excerpt":{"rendered":"<p>Die Kommunikation \u00fcber elektronische Medien (E-Mail, Telefax, Mobiltelefon etc.) bringt Risi\u00adken mit sich. Diese beinhalten bspw. die M\u00f6glichkeit der Einsicht in den Inhalt, zur Manipulation oder Verlust. Solche Risiken k\u00f6nnen mittels Verschl\u00fcsselung reduziert werden. LMP Rechtsanw\u00e4lte f\u00f6rdert die Nutzung verschl\u00fcsselter Kommunikationsmittel und kann keine Verantwortung f\u00fcr sich aus dem Gebrauch unverschl\u00fcsselter digitaler Kommunikationsmittel ergebende Verletzungen [&hellip;]<\/p>\n","protected":false},"author":2,"featured_media":0,"parent":0,"menu_order":0,"comment_status":"closed","ping_status":"closed","template":"page-templates\/full-width-page.php","meta":{"footnotes":""},"class_list":["post-82","page","type-page","status-publish","hentry"],"yoast_head":"<!-- This site is optimized with the Yoast SEO plugin v26.8 - https:\/\/yoast.com\/product\/yoast-seo-wordpress\/ -->\n<title>Verschl\u00fcsselte Kommunikation - LMP Rechtsanw\u00e4lte GmbH<\/title>\n<meta name=\"description\" content=\"Wir unterst\u00fctzen und f\u00f6rdern die Nutzung verschl\u00fcsselter Kommunikationsmittel zu Ihrem Schutz. Anwaltsgeheimnis auch im digitalen Zeitalter!\" \/>\n<meta name=\"robots\" content=\"index, follow, max-snippet:-1, max-image-preview:large, max-video-preview:-1\" \/>\n<link rel=\"canonical\" href=\"https:\/\/www.lmp.legal\/index.php\/verschlusselte-kommunikation\/\" \/>\n<meta property=\"og:locale\" content=\"de_DE\" \/>\n<meta property=\"og:type\" content=\"article\" \/>\n<meta property=\"og:title\" content=\"Verschl\u00fcsselte Kommunikation - LMP Rechtsanw\u00e4lte GmbH\" \/>\n<meta property=\"og:description\" content=\"Wir unterst\u00fctzen und f\u00f6rdern die Nutzung verschl\u00fcsselter Kommunikationsmittel zu Ihrem Schutz. Anwaltsgeheimnis auch im digitalen Zeitalter!\" \/>\n<meta property=\"og:url\" content=\"https:\/\/www.lmp.legal\/index.php\/verschlusselte-kommunikation\/\" \/>\n<meta property=\"og:site_name\" content=\"LMP Rechtsanw\u00e4lte GmbH\" \/>\n<meta property=\"article:modified_time\" content=\"2021-01-12T18:57:06+00:00\" \/>\n<meta name=\"twitter:card\" content=\"summary_large_image\" \/>\n<meta name=\"twitter:label1\" content=\"Gesch\u00e4tzte Lesezeit\" \/>\n\t<meta name=\"twitter:data1\" content=\"1\u00a0Minute\" \/>\n<script type=\"application\/ld+json\" class=\"yoast-schema-graph\">{\"@context\":\"https:\/\/schema.org\",\"@graph\":[{\"@type\":\"WebPage\",\"@id\":\"https:\/\/www.lmp.legal\/index.php\/verschlusselte-kommunikation\/\",\"url\":\"https:\/\/www.lmp.legal\/index.php\/verschlusselte-kommunikation\/\",\"name\":\"Verschl\u00fcsselte Kommunikation - LMP Rechtsanw\u00e4lte GmbH\",\"isPartOf\":{\"@id\":\"https:\/\/www.lmp.legal\/#website\"},\"datePublished\":\"2020-08-05T14:02:14+00:00\",\"dateModified\":\"2021-01-12T18:57:06+00:00\",\"description\":\"Wir unterst\u00fctzen und f\u00f6rdern die Nutzung verschl\u00fcsselter Kommunikationsmittel zu Ihrem Schutz. Anwaltsgeheimnis auch im digitalen Zeitalter!\",\"breadcrumb\":{\"@id\":\"https:\/\/www.lmp.legal\/index.php\/verschlusselte-kommunikation\/#breadcrumb\"},\"inLanguage\":\"de\",\"potentialAction\":[{\"@type\":\"ReadAction\",\"target\":[\"https:\/\/www.lmp.legal\/index.php\/verschlusselte-kommunikation\/\"]}]},{\"@type\":\"BreadcrumbList\",\"@id\":\"https:\/\/www.lmp.legal\/index.php\/verschlusselte-kommunikation\/#breadcrumb\",\"itemListElement\":[{\"@type\":\"ListItem\",\"position\":1,\"name\":\"Home\",\"item\":\"https:\/\/www.lmp.legal\/\"},{\"@type\":\"ListItem\",\"position\":2,\"name\":\"Verschl\u00fcsselte Kommunikation\"}]},{\"@type\":\"WebSite\",\"@id\":\"https:\/\/www.lmp.legal\/#website\",\"url\":\"https:\/\/www.lmp.legal\/\",\"name\":\"LMP Rechtsanw\u00e4lte GmbH\",\"description\":\"Ihre Boutiquekanzlei\",\"publisher\":{\"@id\":\"https:\/\/www.lmp.legal\/#organization\"},\"potentialAction\":[{\"@type\":\"SearchAction\",\"target\":{\"@type\":\"EntryPoint\",\"urlTemplate\":\"https:\/\/www.lmp.legal\/?s={search_term_string}\"},\"query-input\":{\"@type\":\"PropertyValueSpecification\",\"valueRequired\":true,\"valueName\":\"search_term_string\"}}],\"inLanguage\":\"de\"},{\"@type\":\"Organization\",\"@id\":\"https:\/\/www.lmp.legal\/#organization\",\"name\":\"LMP Rechtsanw\u00e4lte GmbH\",\"url\":\"https:\/\/www.lmp.legal\/\",\"logo\":{\"@type\":\"ImageObject\",\"inLanguage\":\"de\",\"@id\":\"https:\/\/www.lmp.legal\/#\/schema\/logo\/image\/\",\"url\":\"https:\/\/www.lmp.legal\/wp-content\/uploads\/2020\/08\/Original.png\",\"contentUrl\":\"https:\/\/www.lmp.legal\/wp-content\/uploads\/2020\/08\/Original.png\",\"width\":7500,\"height\":7500,\"caption\":\"LMP Rechtsanw\u00e4lte GmbH\"},\"image\":{\"@id\":\"https:\/\/www.lmp.legal\/#\/schema\/logo\/image\/\"}}]}<\/script>\n<!-- \/ Yoast SEO plugin. -->","yoast_head_json":{"title":"Verschl\u00fcsselte Kommunikation - LMP Rechtsanw\u00e4lte GmbH","description":"Wir unterst\u00fctzen und f\u00f6rdern die Nutzung verschl\u00fcsselter Kommunikationsmittel zu Ihrem Schutz. Anwaltsgeheimnis auch im digitalen Zeitalter!","robots":{"index":"index","follow":"follow","max-snippet":"max-snippet:-1","max-image-preview":"max-image-preview:large","max-video-preview":"max-video-preview:-1"},"canonical":"https:\/\/www.lmp.legal\/index.php\/verschlusselte-kommunikation\/","og_locale":"de_DE","og_type":"article","og_title":"Verschl\u00fcsselte Kommunikation - LMP Rechtsanw\u00e4lte GmbH","og_description":"Wir unterst\u00fctzen und f\u00f6rdern die Nutzung verschl\u00fcsselter Kommunikationsmittel zu Ihrem Schutz. Anwaltsgeheimnis auch im digitalen Zeitalter!","og_url":"https:\/\/www.lmp.legal\/index.php\/verschlusselte-kommunikation\/","og_site_name":"LMP Rechtsanw\u00e4lte GmbH","article_modified_time":"2021-01-12T18:57:06+00:00","twitter_card":"summary_large_image","twitter_misc":{"Gesch\u00e4tzte Lesezeit":"1\u00a0Minute"},"schema":{"@context":"https:\/\/schema.org","@graph":[{"@type":"WebPage","@id":"https:\/\/www.lmp.legal\/index.php\/verschlusselte-kommunikation\/","url":"https:\/\/www.lmp.legal\/index.php\/verschlusselte-kommunikation\/","name":"Verschl\u00fcsselte Kommunikation - LMP Rechtsanw\u00e4lte GmbH","isPartOf":{"@id":"https:\/\/www.lmp.legal\/#website"},"datePublished":"2020-08-05T14:02:14+00:00","dateModified":"2021-01-12T18:57:06+00:00","description":"Wir unterst\u00fctzen und f\u00f6rdern die Nutzung verschl\u00fcsselter Kommunikationsmittel zu Ihrem Schutz. Anwaltsgeheimnis auch im digitalen Zeitalter!","breadcrumb":{"@id":"https:\/\/www.lmp.legal\/index.php\/verschlusselte-kommunikation\/#breadcrumb"},"inLanguage":"de","potentialAction":[{"@type":"ReadAction","target":["https:\/\/www.lmp.legal\/index.php\/verschlusselte-kommunikation\/"]}]},{"@type":"BreadcrumbList","@id":"https:\/\/www.lmp.legal\/index.php\/verschlusselte-kommunikation\/#breadcrumb","itemListElement":[{"@type":"ListItem","position":1,"name":"Home","item":"https:\/\/www.lmp.legal\/"},{"@type":"ListItem","position":2,"name":"Verschl\u00fcsselte Kommunikation"}]},{"@type":"WebSite","@id":"https:\/\/www.lmp.legal\/#website","url":"https:\/\/www.lmp.legal\/","name":"LMP Rechtsanw\u00e4lte GmbH","description":"Ihre Boutiquekanzlei","publisher":{"@id":"https:\/\/www.lmp.legal\/#organization"},"potentialAction":[{"@type":"SearchAction","target":{"@type":"EntryPoint","urlTemplate":"https:\/\/www.lmp.legal\/?s={search_term_string}"},"query-input":{"@type":"PropertyValueSpecification","valueRequired":true,"valueName":"search_term_string"}}],"inLanguage":"de"},{"@type":"Organization","@id":"https:\/\/www.lmp.legal\/#organization","name":"LMP Rechtsanw\u00e4lte GmbH","url":"https:\/\/www.lmp.legal\/","logo":{"@type":"ImageObject","inLanguage":"de","@id":"https:\/\/www.lmp.legal\/#\/schema\/logo\/image\/","url":"https:\/\/www.lmp.legal\/wp-content\/uploads\/2020\/08\/Original.png","contentUrl":"https:\/\/www.lmp.legal\/wp-content\/uploads\/2020\/08\/Original.png","width":7500,"height":7500,"caption":"LMP Rechtsanw\u00e4lte GmbH"},"image":{"@id":"https:\/\/www.lmp.legal\/#\/schema\/logo\/image\/"}}]}},"jetpack_sharing_enabled":true,"_links":{"self":[{"href":"https:\/\/www.lmp.legal\/index.php\/wp-json\/wp\/v2\/pages\/82","targetHints":{"allow":["GET"]}}],"collection":[{"href":"https:\/\/www.lmp.legal\/index.php\/wp-json\/wp\/v2\/pages"}],"about":[{"href":"https:\/\/www.lmp.legal\/index.php\/wp-json\/wp\/v2\/types\/page"}],"author":[{"embeddable":true,"href":"https:\/\/www.lmp.legal\/index.php\/wp-json\/wp\/v2\/users\/2"}],"replies":[{"embeddable":true,"href":"https:\/\/www.lmp.legal\/index.php\/wp-json\/wp\/v2\/comments?post=82"}],"version-history":[{"count":0,"href":"https:\/\/www.lmp.legal\/index.php\/wp-json\/wp\/v2\/pages\/82\/revisions"}],"wp:attachment":[{"href":"https:\/\/www.lmp.legal\/index.php\/wp-json\/wp\/v2\/media?parent=82"}],"curies":[{"name":"wp","href":"https:\/\/api.w.org\/{rel}","templated":true}]}}