{"id":596,"date":"2020-08-08T16:18:26","date_gmt":"2020-08-08T14:18:26","guid":{"rendered":"https:\/\/www.lmp.legal\/?page_id=596"},"modified":"2026-04-26T19:33:12","modified_gmt":"2026-04-26T17:33:12","slug":"datenschutz","status":"publish","type":"page","link":"https:\/\/www.lmp.legal\/index.php\/datenschutz\/","title":{"rendered":"Datenschutz"},"content":{"rendered":"<div data-colibri-id=\"596-c1\" class=\"style-522 style-local-596-c1 position-relative\">\n  <!---->\n  <div data-colibri-component=\"section\" data-colibri-id=\"596-c2\" id=\"custom\" class=\"h-section h-section-global-spacing d-flex align-items-lg-center align-items-md-center align-items-center style-523 style-local-596-c2 position-relative\">\n    <!---->\n    <!---->\n    <div class=\"h-section-grid-container h-section-boxed-container\">\n      <!---->\n      <div data-colibri-id=\"596-c3\" class=\"h-row-container gutters-row-lg-2 gutters-row-md-2 gutters-row-0 gutters-row-v-lg-2 gutters-row-v-md-2 gutters-row-v-2 style-524 style-local-596-c3 position-relative\">\n        <!---->\n        <div class=\"h-row justify-content-lg-center justify-content-md-center justify-content-center align-items-lg-stretch align-items-md-stretch align-items-stretch gutters-col-lg-2 gutters-col-md-2 gutters-col-0 gutters-col-v-lg-2 gutters-col-v-md-2 gutters-col-v-2\">\n          <!---->\n          <div class=\"h-column h-column-container d-flex h-col-lg-auto h-col-md-auto h-col-auto style-525-outer style-local-596-c4-outer\">\n            <div data-colibri-id=\"596-c4\" class=\"d-flex h-flex-basis h-column__inner h-px-lg-2 h-px-md-2 h-px-2 v-inner-lg-2 v-inner-md-2 v-inner-2 style-525 style-local-596-c4 position-relative\">\n              <!---->\n              <!---->\n              <div class=\"w-100 h-y-container h-column__content h-column__v-align flex-basis-100 align-self-lg-start align-self-md-start align-self-start\">\n                <!---->\n                <div data-colibri-id=\"596-c5\" class=\"h-text h-text-component style-526 style-local-596-c5 position-relative h-element\">\n                  <!---->\n                  <!---->\n                  <div class=\"\">\n                    <p>Wir nehmen den Schutz Ihrer pers\u00f6nlichen Daten ernst und behandeln personenbezogene Daten vertraulich gem\u00e4ss den gesetzlichen Datenschutzbestimmungen, dieser Datenschutzerkl\u00e4rung im Zusammenhang mit der Nutzung der Website und der\n                      <a href=\"https:\/\/www.lmp.legal\/wp-content\/uploads\/2026\/04\/LMP-Rechtsanwaelte-GmbH_Datenschutzerklaerung_01.01.2024.pdf\">Datenschutzerkl\u00e4rung \u00fcber die Bearbeitung von Personendaten durch die LMP Rechtsanw\u00e4lte GmbH<\/a>.<\/p>\n                    <p>Jeder Zugriff auf diese Website und jeder Abruf einer hinterlegten Datei werden protokolliert. Die Speicherung dient nur internen, statistischen Auswertungen zum Zweck des Betriebs sowie der Sicherheit. Protokolliert werden: Name der\n                      abgerufenen Webseite und Datei, Datum und Uhrzeit des Abrufs, \u00fcbertragene Datenmenge, Meldung \u00fcber erfolgreichen Abruf, Betriebssystem, Browser, anfragende Domain und die IP-Adresse des anfragenden Computers oder Netzwerks. Diese\n                      Daten werden maximal 12 Monate gespeichert und anschliessend gel\u00f6scht.<\/p>\n                    <p>Weitergehende personenbezogene Daten werden nur erfasst, wenn diese Angaben freiwillig, bspw. mittels Kontaktformular, Anfrage oder Registrierung gemacht werden. Die vom Benutzer \u00fcbermittelten Personendaten werden nicht an Dritte weitergegeben\n                      und lediglich f\u00fcr den jeweils angegebenen Zweck benutzt, gespeichert und anschliessend gel\u00f6scht.<\/p>\n                  <\/div>\n                <\/div>\n              <\/div>\n            <\/div>\n          <\/div>\n        <\/div>\n      <\/div>\n    <\/div>\n  <\/div>\n  <div data-colibri-component=\"section\" data-colibri-id=\"596-c6\" id=\"custom-2\" class=\"h-section h-section-global-spacing d-flex align-items-lg-center align-items-md-center align-items-center style-527 style-local-596-c6 position-relative\">\n    <!---->\n    <!---->\n    <div class=\"h-section-grid-container h-section-boxed-container\">\n      <!---->\n      <div data-colibri-id=\"596-c7\" class=\"h-row-container gutters-row-lg-2 gutters-row-md-2 gutters-row-0 gutters-row-v-lg-2 gutters-row-v-md-2 gutters-row-v-2 style-528 style-local-596-c7 position-relative\">\n        <!---->\n        <div class=\"h-row justify-content-lg-center justify-content-md-center justify-content-center align-items-lg-stretch align-items-md-stretch align-items-stretch gutters-col-lg-2 gutters-col-md-2 gutters-col-0 gutters-col-v-lg-2 gutters-col-v-md-2 gutters-col-v-2\">\n          <!---->\n          <div class=\"h-column h-column-container d-flex h-col-lg-auto h-col-md-auto h-col-auto style-529-outer style-local-596-c8-outer\">\n            <div data-colibri-id=\"596-c8\" class=\"d-flex h-flex-basis h-column__inner h-px-lg-2 h-px-md-2 h-px-2 v-inner-lg-2 v-inner-md-2 v-inner-2 style-529 style-local-596-c8 position-relative\">\n              <!---->\n              <!---->\n              <div class=\"w-100 h-y-container h-column__content h-column__v-align flex-basis-100 align-self-lg-start align-self-md-start align-self-start\">\n                <!---->\n                <div data-colibri-id=\"596-c9\" class=\"h-text h-text-component style-532 style-local-596-c9 position-relative h-element\">\n                  <!---->\n                  <!---->\n                  <div class=\"\">\n                    <h4>Cookies<\/h4>\n                    <p>Cookies sind kleine Textdateien, die beim Besuch einer Website im Zugriffsger\u00e4t dauerhaft oder tempor\u00e4r gespeichert werden. Diese Website nutzt ein Session-Cookie f\u00fcr die Deaktivierung eines Popups oder Banners. Dieses wird beim Schliessen\n                      des Browsers wieder gel\u00f6scht. Allgemeine Zugriffe auf diese Website werden damit nicht analysiert.<\/p>\n                    <p>Im Browser k\u00f6nnen Cookies in den Einstellungen jederzeit ganz oder teilweise deaktiviert werden. Bei deaktivierten Cookies stehen allenfalls nicht alle Funktionen der Website zur Verf\u00fcgung.<\/p>\n                  <\/div>\n                <\/div>\n              <\/div>\n            <\/div>\n          <\/div>\n          <div class=\"h-column h-column-container d-flex h-col-lg-auto h-col-md-auto h-col-auto style-530-outer style-local-596-c10-outer\">\n            <div data-colibri-id=\"596-c10\" class=\"d-flex h-flex-basis h-column__inner h-px-lg-2 h-px-md-2 h-px-2 v-inner-lg-2 v-inner-md-2 v-inner-2 style-530 style-local-596-c10 position-relative\">\n              <!---->\n              <!---->\n              <div class=\"w-100 h-y-container h-column__content h-column__v-align flex-basis-100 align-self-lg-start align-self-md-start align-self-start\">\n                <!---->\n                <div data-colibri-id=\"596-c11\" class=\"h-text h-text-component style-531 style-local-596-c11 position-relative h-element\">\n                  <!---->\n                  <!---->\n                  <div class=\"\">\n                    <h4>Inhalte Dritter<\/h4>\n                    <p>Gegebenenfalls werden innerhalb dieser Website Inhalte Dritter, bspw. Karten von Google Maps, Videos von YouTube oder Grafiken von anderen Websites eingebunden werden. Dies setzt immer voraus, dass die Drittanbieter die IP-Adresse\n                      der Nutzer zur Auslieferung und Darstellung der angefragten Inhalte kennen.<\/p>\n                    <p>Sofern m\u00f6glich, werden nur solche Inhalte verwendet, deren jeweilige Drittanbieter die IP-Adresse lediglich zur Auslieferung der Inhalte verwenden. \u00dcber die Speicherung der IP-Adresse durch Drittanbieter beispielsweise f\u00fcr statistische\n                      Zwecke kann jedoch kein Einfluss genommen werden. Soweit uns bekannt, werden die Nutzer dar\u00fcber aufgekl\u00e4rt.<\/p>\n                    <p>F\u00fcr Angebote Dritter, auf welche mittels Links verwiesen wird, kann keine Gew\u00e4hr f\u00fcr die Einhaltung der Datenschutzbestimmungen \u00fcbernommen werden.<\/p>\n                  <\/div>\n                <\/div>\n              <\/div>\n            <\/div>\n          <\/div>\n        <\/div>\n      <\/div>\n    <\/div>\n  <\/div>\n  <div data-colibri-component=\"section\" data-colibri-id=\"596-c12\" id=\"custom-2\" class=\"h-section h-section-global-spacing d-flex align-items-lg-center align-items-md-center align-items-center style-696 style-local-596-c12 position-relative\">\n    <!---->\n    <!---->\n    <div class=\"h-section-grid-container h-section-boxed-container\">\n      <!---->\n      <div data-colibri-id=\"596-c13\" class=\"h-row-container gutters-row-lg-2 gutters-row-md-2 gutters-row-0 gutters-row-v-lg-2 gutters-row-v-md-2 gutters-row-v-2 style-528 style-local-596-c13 position-relative\">\n        <!---->\n        <div class=\"h-row justify-content-lg-center justify-content-md-center justify-content-center align-items-lg-stretch align-items-md-stretch align-items-stretch gutters-col-lg-2 gutters-col-md-2 gutters-col-0 gutters-col-v-lg-2 gutters-col-v-md-2 gutters-col-v-2\">\n          <!---->\n          <div class=\"h-column h-column-container d-flex h-col-lg-auto h-col-md-auto h-col-auto style-529-outer style-local-596-c14-outer\">\n            <div data-colibri-id=\"596-c14\" class=\"d-flex h-flex-basis h-column__inner h-px-lg-2 h-px-md-2 h-px-2 v-inner-lg-2 v-inner-md-2 v-inner-2 style-529 style-local-596-c14 position-relative\">\n              <!---->\n              <!---->\n              <div class=\"w-100 h-y-container h-column__content h-column__v-align flex-basis-100 align-self-lg-start align-self-md-start align-self-start\">\n                <!---->\n                <div data-colibri-id=\"596-c15\" class=\"h-text h-text-component style-532 style-local-596-c15 position-relative h-element\">\n                  <!---->\n                  <!---->\n                  <div class=\"\">\n                    <h4>Google Maps<\/h4>\n                    <p>Diese Website nutzt den Kartendienst Google Maps \u00fcber eine API, eine Dienstleistung von Google Inc. (&#8222;Google&#8220;). Zur Nutzung der Funktionen von Google Maps werden Angaben zur besuchten Seite sowie die IP-Adresse des Besuchers \u00fcblicherweise\n                      an einen Server von Google in den USA \u00fcbertragen und dort gespeichert. Wir haben keinen Einfluss auf diese Daten\u00fcbertragung.<\/p>\n                    <p>Weitere Informationen zum Umgang mit Nutzerdaten sind in der Datenschutzerkl\u00e4rung von Google unter\n                      <a href=\"https:\/\/policies.google.com\/privacy\">https:\/\/policies.google.com\/privacy<\/a> zu finden.<\/p>\n                  <\/div>\n                <\/div>\n              <\/div>\n            <\/div>\n          <\/div>\n          <div class=\"h-column h-column-container d-flex h-col-lg-auto h-col-md-auto h-col-auto style-530-outer style-local-596-c16-outer\">\n            <div data-colibri-id=\"596-c16\" class=\"d-flex h-flex-basis h-column__inner h-px-lg-2 h-px-md-2 h-px-2 v-inner-lg-2 v-inner-md-2 v-inner-2 style-530 style-local-596-c16 position-relative\">\n              <!---->\n              <!---->\n              <div class=\"w-100 h-y-container h-column__content h-column__v-align flex-basis-100 align-self-lg-start align-self-md-start align-self-start\">\n                <!---->\n                <div data-colibri-id=\"596-c17\" class=\"h-text h-text-component style-531 style-local-596-c17 position-relative h-element\">\n                  <!---->\n                  <!---->\n                  <div class=\"\">\n                    <h4>Auskunft, L\u00f6schung, Sperrung<\/h4>\n                    <p>Sie haben jederzeit das Recht auf Auskunft \u00fcber Ihre gespeicherten personenbezogenen Daten, deren Herkunft sowie Empf\u00e4nger und den Zweck der Datenverarbeitung sowie ein Recht auf Berichtigung, Sperrung oder L\u00f6schung dieser Daten. Hierzu\n                      sowie zu weiteren Fragen zum Thema personenbezogene Daten k\u00f6nnen Sie sich jederzeit unter\n                      <a href=\"mailto:info@lmp.legal\">info@lmp.legal<\/a> an uns wenden.<\/p>\n                  <\/div>\n                <\/div>\n              <\/div>\n            <\/div>\n          <\/div>\n        <\/div>\n      <\/div>\n    <\/div>\n  <\/div>\n  <div data-colibri-component=\"section\" data-colibri-id=\"596-c18\" id=\"custom-3\" class=\"h-section h-section-global-spacing d-flex align-items-lg-center align-items-md-center align-items-center style-533 style-local-596-c18 position-relative\">\n    <!---->\n    <!---->\n    <div class=\"h-section-grid-container h-section-boxed-container\">\n      <!---->\n      <div data-colibri-id=\"596-c27\" class=\"h-row-container gutters-row-lg-2 gutters-row-md-2 gutters-row-0 gutters-row-v-lg-2 gutters-row-v-md-2 gutters-row-v-2 style-795 style-local-596-c27 position-relative\">\n        <!---->\n        <div class=\"h-row justify-content-lg-center justify-content-md-center justify-content-center align-items-lg-stretch align-items-md-stretch align-items-stretch gutters-col-lg-2 gutters-col-md-2 gutters-col-0 gutters-col-v-lg-2 gutters-col-v-md-2 gutters-col-v-2\">\n          <!---->\n          <div class=\"h-column h-column-container d-flex h-col-lg-auto h-col-md-auto h-col-auto style-796-outer style-local-596-c28-outer\">\n            <div data-colibri-id=\"596-c28\" class=\"d-flex h-flex-basis h-column__inner h-px-lg-2 h-px-md-2 h-px-2 v-inner-lg-2 v-inner-md-2 v-inner-2 style-796 style-local-596-c28 position-relative\">\n              <!---->\n              <!---->\n              <div class=\"w-100 h-y-container h-column__content h-column__v-align flex-basis-100 align-self-lg-start align-self-md-start align-self-start\">\n                <!---->\n                <div data-colibri-id=\"596-c30\" class=\"h-text h-text-component style-798 style-local-596-c30 position-relative h-element\">\n                  <!---->\n                  <!---->\n                  <div class=\"\">\n                    <h4>Datenschutzerkl\u00e4rung \u00fcber die Bearbeitung von Personendaten\n                      <br>\n                    <\/h4>\n                    <p>Die Datenschutzerkl\u00e4rung \u00fcber die Bearbeitung von Personendaten durch die LMP Rechtsanw\u00e4lte GmbH finden Sie unter folgendem\n                      <a href=\"https:\/\/www.lmp.legal\/wp-content\/uploads\/2026\/04\/LMP-Rechtsanwaelte-GmbH_Datenschutzerklaerung_01.01.2024.pdf\">Link<\/a>.<\/p>\n                  <\/div>\n                <\/div>\n              <\/div>\n            <\/div>\n          <\/div>\n        <\/div>\n      <\/div>\n    <\/div>\n  <\/div>\n  <div data-colibri-component=\"section\" data-colibri-id=\"596-c22\" id=\"custom-3\" class=\"h-section h-section-global-spacing d-flex align-items-lg-center align-items-md-center align-items-center style-697 style-local-596-c22 position-relative\">\n    <!---->\n    <!---->\n    <div class=\"h-section-grid-container h-section-boxed-container\">\n      <!---->\n      <div data-colibri-id=\"596-c23\" class=\"h-row-container gutters-row-lg-2 gutters-row-md-2 gutters-row-0 gutters-row-v-lg-2 gutters-row-v-md-2 gutters-row-v-2 style-534 style-local-596-c23 position-relative\">\n        <!---->\n        <div class=\"h-row justify-content-lg-center justify-content-md-center justify-content-center align-items-lg-stretch align-items-md-stretch align-items-stretch gutters-col-lg-2 gutters-col-md-2 gutters-col-0 gutters-col-v-lg-2 gutters-col-v-md-2 gutters-col-v-2\">\n          <!---->\n          <div class=\"h-column h-column-container d-flex h-col-lg-auto h-col-md-auto h-col-auto style-535-outer style-local-596-c24-outer\">\n            <div data-colibri-id=\"596-c24\" class=\"d-flex h-flex-basis h-column__inner h-px-lg-2 h-px-md-2 h-px-2 v-inner-lg-2 v-inner-md-2 v-inner-2 style-535 style-local-596-c24 position-relative\">\n              <!---->\n              <!---->\n              <div class=\"w-100 h-y-container h-column__content h-column__v-align flex-basis-100 align-self-lg-start align-self-md-start align-self-start\">\n                <!---->\n                <div data-colibri-id=\"596-c25\" class=\"h-text h-text-component style-536 style-local-596-c25 position-relative h-element\">\n                  <!---->\n                  <!---->\n                  <div class=\"\">\n                    <h4>Google Analytics<\/h4>\n                    <p>Diese Website nutzt Google Analytics, einen Webanalysedienst von Google. Google Analytics verwendet Cookies (vgl. Abschnitt &#8222;Cookies&#8220; hiervor). Die durch den Cookie erzeugten Informationen \u00fcber die Benutzung dieser Website werden in\n                      der Regel an einen Server von Google in den USA \u00fcbertragen und dort gespeichert.<\/p>\n                    <p>Durch die Aktivierung der IP-Anonymisierung auf dieser Website wird Ihre IP-Adresse von Google jedoch innerhalb von Mitgliedstaaten der Europ\u00e4ischen Union oder in anderen Vertragsstaaten des Abkommens \u00fcber den Europ\u00e4ischen Wirtschaftsraum\n                      zuvor gek\u00fcrzt. Durch diese K\u00fcrzung entf\u00e4llt der Personenbezug Ihrer IP-Adresse. Nur in Ausnahmef\u00e4llen wird die volle IP-Adresse an einen Server von Google in den USA \u00fcbertragen und dort gek\u00fcrzt.<\/p>\n                    <p>Google nutzt diese Informationen, um Ihre Nutzung der Website auszuwerten, Reports \u00fcber die Websiteaktivit\u00e4ten zusammenzustellen und um weitere mit der Website- sowie Internetnutzung verbundene Dienstleistungen zu erbringen. Auch wird\n                      Google diese Informationen gegebenenfalls an Dritte \u00fcbertragen, sofern dies gesetzlich vorgeschrieben oder soweit Dritte diese Daten im Auftrag von Google verarbeiten. Die im Rahmen von Google Analytics von Ihrem Browser \u00fcbermittelte\n                      IP-Adresse wird nicht mit anderen Daten von Google zusammengef\u00fchrt.<\/p>\n                    <p>Sie k\u00f6nnen die Installation der Cookies durch eine entsprechende Einstellung Ihres Browsers verhindern. Wir weisen Sie jedoch darauf hin, dass Sie in diesem Fall gegebenenfalls nicht s\u00e4mtliche Funktionen dieser Website vollumf\u00e4nglich\n                      nutzen k\u00f6nnen. Weiterhin k\u00f6nnen Sie durch ein Browser-Plugin verhindern, dass die durch Cookies gesammelten Informationen (inklusive Ihrer IP-Adresse) an Google gesendet und von Google genutzt werden (Link zum Plugin:\n                      <a href=\"https:\/\/tools.google.com\/dlpage\/gaoptout?hl=de\"\n                        class=\"customize-unpreviewable\">https:\/\/tools.google.com\/dlpage\/gaoptout?hl=de<\/a>)<\/p>\n                    <p>Alternativ verhindern Sie mit einem Klick auf diesen\n                      <a href=\"about:blank\">Link<\/a>, dass Google Analytics innerhalb dieser Website Daten \u00fcber Sie erfasst. Mit dem Klick auf den vorstehenden Link laden Sie ein \u201eOpt-Out-Cookie\u201c herunter. Ihr Browser muss die Speicherung von Cookies hierzu folglich grunds\u00e4tzlich\n                      erlauben. L\u00f6schen Sie Ihre Cookies regelm\u00e4ssig, ist ein erneuter Klick auf den Link bei jedem Besuch dieser Website vonn\u00f6ten.<\/p>\n                    <p>Durch die Nutzung dieser Website erkl\u00e4ren Sie sich mit der Bearbeitung der \u00fcber Sie erhobenen Daten durch Google in der beschriebenen Art und Weise und zu dem genannten Zweck einverstanden.<\/p>\n                    <p>Weitere Informationen zum Umgang mit Nutzerdaten sind in der Datenschutzerkl\u00e4rung von Google unter\n                      <a href=\"https:\/\/policies.google.com\/privacy\" class=\"customize-unpreviewable\">https:\/\/policies.google.com\/privacy<\/a>&nbsp;enthalten.<\/p>\n                  <\/div>\n                <\/div>\n              <\/div>\n            <\/div>\n          <\/div>\n        <\/div>\n      <\/div>\n    <\/div>\n  <\/div>\n<\/div>","protected":false},"excerpt":{"rendered":"<p>Wir nehmen den Schutz Ihrer pers\u00f6nlichen Daten ernst und behandeln personenbezogene Daten vertraulich gem\u00e4ss den gesetzlichen Datenschutzbestimmungen, dieser Datenschutzerkl\u00e4rung im Zusammenhang mit der Nutzung der Website und der Datenschutzerkl\u00e4rung \u00fcber die Bearbeitung von Personendaten durch die LMP Rechtsanw\u00e4lte GmbH. Jeder Zugriff auf diese Website und jeder Abruf einer hinterlegten Datei werden protokolliert. Die Speicherung dient [&hellip;]<\/p>\n","protected":false},"author":2,"featured_media":0,"parent":0,"menu_order":0,"comment_status":"closed","ping_status":"closed","template":"page-templates\/full-width-page.php","meta":{"footnotes":""},"class_list":["post-596","page","type-page","status-publish","hentry"],"yoast_head":"<!-- This site is optimized with the Yoast SEO plugin v26.8 - https:\/\/yoast.com\/product\/yoast-seo-wordpress\/ -->\n<title>Datenschutz - LMP Rechtsanw\u00e4lte GmbH<\/title>\n<meta name=\"description\" content=\"Privacy Policy Page\" \/>\n<meta name=\"robots\" content=\"index, follow, max-snippet:-1, max-image-preview:large, max-video-preview:-1\" \/>\n<link rel=\"canonical\" href=\"https:\/\/www.lmp.legal\/index.php\/datenschutz\/\" \/>\n<meta property=\"og:locale\" content=\"de_DE\" \/>\n<meta property=\"og:type\" content=\"article\" \/>\n<meta property=\"og:title\" content=\"Datenschutz - LMP Rechtsanw\u00e4lte GmbH\" \/>\n<meta property=\"og:description\" content=\"Privacy Policy Page\" \/>\n<meta property=\"og:url\" content=\"https:\/\/www.lmp.legal\/index.php\/datenschutz\/\" \/>\n<meta property=\"og:site_name\" content=\"LMP Rechtsanw\u00e4lte GmbH\" \/>\n<meta property=\"article:modified_time\" content=\"2026-04-26T17:33:12+00:00\" \/>\n<meta name=\"twitter:card\" content=\"summary_large_image\" \/>\n<meta name=\"twitter:label1\" content=\"Gesch\u00e4tzte Lesezeit\" \/>\n\t<meta name=\"twitter:data1\" content=\"4\u00a0Minuten\" \/>\n<script type=\"application\/ld+json\" class=\"yoast-schema-graph\">{\"@context\":\"https:\/\/schema.org\",\"@graph\":[{\"@type\":\"WebPage\",\"@id\":\"https:\/\/www.lmp.legal\/index.php\/datenschutz\/\",\"url\":\"https:\/\/www.lmp.legal\/index.php\/datenschutz\/\",\"name\":\"Datenschutz - LMP Rechtsanw\u00e4lte GmbH\",\"isPartOf\":{\"@id\":\"https:\/\/www.lmp.legal\/#website\"},\"datePublished\":\"2020-08-08T14:18:26+00:00\",\"dateModified\":\"2026-04-26T17:33:12+00:00\",\"description\":\"Privacy Policy Page\",\"breadcrumb\":{\"@id\":\"https:\/\/www.lmp.legal\/index.php\/datenschutz\/#breadcrumb\"},\"inLanguage\":\"de\",\"potentialAction\":[{\"@type\":\"ReadAction\",\"target\":[\"https:\/\/www.lmp.legal\/index.php\/datenschutz\/\"]}]},{\"@type\":\"BreadcrumbList\",\"@id\":\"https:\/\/www.lmp.legal\/index.php\/datenschutz\/#breadcrumb\",\"itemListElement\":[{\"@type\":\"ListItem\",\"position\":1,\"name\":\"Home\",\"item\":\"https:\/\/www.lmp.legal\/\"},{\"@type\":\"ListItem\",\"position\":2,\"name\":\"Datenschutz\"}]},{\"@type\":\"WebSite\",\"@id\":\"https:\/\/www.lmp.legal\/#website\",\"url\":\"https:\/\/www.lmp.legal\/\",\"name\":\"LMP Rechtsanw\u00e4lte GmbH\",\"description\":\"Ihre Boutiquekanzlei\",\"publisher\":{\"@id\":\"https:\/\/www.lmp.legal\/#organization\"},\"potentialAction\":[{\"@type\":\"SearchAction\",\"target\":{\"@type\":\"EntryPoint\",\"urlTemplate\":\"https:\/\/www.lmp.legal\/?s={search_term_string}\"},\"query-input\":{\"@type\":\"PropertyValueSpecification\",\"valueRequired\":true,\"valueName\":\"search_term_string\"}}],\"inLanguage\":\"de\"},{\"@type\":\"Organization\",\"@id\":\"https:\/\/www.lmp.legal\/#organization\",\"name\":\"LMP Rechtsanw\u00e4lte GmbH\",\"url\":\"https:\/\/www.lmp.legal\/\",\"logo\":{\"@type\":\"ImageObject\",\"inLanguage\":\"de\",\"@id\":\"https:\/\/www.lmp.legal\/#\/schema\/logo\/image\/\",\"url\":\"https:\/\/www.lmp.legal\/wp-content\/uploads\/2020\/08\/Original.png\",\"contentUrl\":\"https:\/\/www.lmp.legal\/wp-content\/uploads\/2020\/08\/Original.png\",\"width\":7500,\"height\":7500,\"caption\":\"LMP Rechtsanw\u00e4lte GmbH\"},\"image\":{\"@id\":\"https:\/\/www.lmp.legal\/#\/schema\/logo\/image\/\"}}]}<\/script>\n<!-- \/ Yoast SEO plugin. -->","yoast_head_json":{"title":"Datenschutz - LMP Rechtsanw\u00e4lte GmbH","description":"Privacy Policy Page","robots":{"index":"index","follow":"follow","max-snippet":"max-snippet:-1","max-image-preview":"max-image-preview:large","max-video-preview":"max-video-preview:-1"},"canonical":"https:\/\/www.lmp.legal\/index.php\/datenschutz\/","og_locale":"de_DE","og_type":"article","og_title":"Datenschutz - LMP Rechtsanw\u00e4lte GmbH","og_description":"Privacy Policy Page","og_url":"https:\/\/www.lmp.legal\/index.php\/datenschutz\/","og_site_name":"LMP Rechtsanw\u00e4lte GmbH","article_modified_time":"2026-04-26T17:33:12+00:00","twitter_card":"summary_large_image","twitter_misc":{"Gesch\u00e4tzte Lesezeit":"4\u00a0Minuten"},"schema":{"@context":"https:\/\/schema.org","@graph":[{"@type":"WebPage","@id":"https:\/\/www.lmp.legal\/index.php\/datenschutz\/","url":"https:\/\/www.lmp.legal\/index.php\/datenschutz\/","name":"Datenschutz - LMP Rechtsanw\u00e4lte GmbH","isPartOf":{"@id":"https:\/\/www.lmp.legal\/#website"},"datePublished":"2020-08-08T14:18:26+00:00","dateModified":"2026-04-26T17:33:12+00:00","description":"Privacy Policy Page","breadcrumb":{"@id":"https:\/\/www.lmp.legal\/index.php\/datenschutz\/#breadcrumb"},"inLanguage":"de","potentialAction":[{"@type":"ReadAction","target":["https:\/\/www.lmp.legal\/index.php\/datenschutz\/"]}]},{"@type":"BreadcrumbList","@id":"https:\/\/www.lmp.legal\/index.php\/datenschutz\/#breadcrumb","itemListElement":[{"@type":"ListItem","position":1,"name":"Home","item":"https:\/\/www.lmp.legal\/"},{"@type":"ListItem","position":2,"name":"Datenschutz"}]},{"@type":"WebSite","@id":"https:\/\/www.lmp.legal\/#website","url":"https:\/\/www.lmp.legal\/","name":"LMP Rechtsanw\u00e4lte GmbH","description":"Ihre Boutiquekanzlei","publisher":{"@id":"https:\/\/www.lmp.legal\/#organization"},"potentialAction":[{"@type":"SearchAction","target":{"@type":"EntryPoint","urlTemplate":"https:\/\/www.lmp.legal\/?s={search_term_string}"},"query-input":{"@type":"PropertyValueSpecification","valueRequired":true,"valueName":"search_term_string"}}],"inLanguage":"de"},{"@type":"Organization","@id":"https:\/\/www.lmp.legal\/#organization","name":"LMP Rechtsanw\u00e4lte GmbH","url":"https:\/\/www.lmp.legal\/","logo":{"@type":"ImageObject","inLanguage":"de","@id":"https:\/\/www.lmp.legal\/#\/schema\/logo\/image\/","url":"https:\/\/www.lmp.legal\/wp-content\/uploads\/2020\/08\/Original.png","contentUrl":"https:\/\/www.lmp.legal\/wp-content\/uploads\/2020\/08\/Original.png","width":7500,"height":7500,"caption":"LMP Rechtsanw\u00e4lte GmbH"},"image":{"@id":"https:\/\/www.lmp.legal\/#\/schema\/logo\/image\/"}}]}},"jetpack_sharing_enabled":true,"_links":{"self":[{"href":"https:\/\/www.lmp.legal\/index.php\/wp-json\/wp\/v2\/pages\/596","targetHints":{"allow":["GET"]}}],"collection":[{"href":"https:\/\/www.lmp.legal\/index.php\/wp-json\/wp\/v2\/pages"}],"about":[{"href":"https:\/\/www.lmp.legal\/index.php\/wp-json\/wp\/v2\/types\/page"}],"author":[{"embeddable":true,"href":"https:\/\/www.lmp.legal\/index.php\/wp-json\/wp\/v2\/users\/2"}],"replies":[{"embeddable":true,"href":"https:\/\/www.lmp.legal\/index.php\/wp-json\/wp\/v2\/comments?post=596"}],"version-history":[{"count":3,"href":"https:\/\/www.lmp.legal\/index.php\/wp-json\/wp\/v2\/pages\/596\/revisions"}],"predecessor-version":[{"id":3397,"href":"https:\/\/www.lmp.legal\/index.php\/wp-json\/wp\/v2\/pages\/596\/revisions\/3397"}],"wp:attachment":[{"href":"https:\/\/www.lmp.legal\/index.php\/wp-json\/wp\/v2\/media?parent=596"}],"curies":[{"name":"wp","href":"https:\/\/api.w.org\/{rel}","templated":true}]}}