{"id":289,"date":"2020-08-07T19:41:40","date_gmt":"2020-08-07T17:41:40","guid":{"rendered":"http:\/\/34.65.254.237\/?page_id=289"},"modified":"2020-08-21T14:54:06","modified_gmt":"2020-08-21T12:54:06","slug":"mietrecht","status":"publish","type":"page","link":"https:\/\/www.lmp.legal\/index.php\/mietrecht\/","title":{"rendered":"Mietrecht"},"content":{"rendered":"<div data-colibri-id=\"289-c1\" class=\"style-585 style-local-289-c1 position-relative\">\r\n  <!---->\r\n  <div data-colibri-component=\"section\" data-colibri-id=\"289-c2\" id=\"custom\" class=\"h-section h-section-global-spacing d-flex align-items-lg-center align-items-md-center align-items-center style-586 style-local-289-c2 position-relative\">\r\n    <!---->\r\n    <!---->\r\n    <div class=\"h-section-grid-container h-section-boxed-container\">\r\n      <!---->\r\n      <div data-colibri-id=\"289-c3\" class=\"h-row-container gutters-row-lg-2 gutters-row-md-2 gutters-row-0 gutters-row-v-lg-2 gutters-row-v-md-2 gutters-row-v-2 style-587 style-local-289-c3 position-relative\">\r\n        <!---->\r\n        <div class=\"h-row justify-content-lg-center justify-content-md-center justify-content-center align-items-lg-stretch align-items-md-stretch align-items-stretch gutters-col-lg-2 gutters-col-md-2 gutters-col-0 gutters-col-v-lg-2 gutters-col-v-md-2 gutters-col-v-2\">\r\n          <!---->\r\n          <div class=\"h-column h-column-container d-flex h-col-lg-auto h-col-md-auto h-col-auto style-588-outer style-local-289-c4-outer\">\r\n            <div data-colibri-id=\"289-c4\" class=\"d-flex h-flex-basis h-column__inner h-px-lg-2 h-px-md-2 h-px-2 v-inner-lg-2 v-inner-md-2 v-inner-2 style-588 style-local-289-c4 position-relative\">\r\n              <!---->\r\n              <!---->\r\n              <div class=\"w-100 h-y-container h-column__content h-column__v-align flex-basis-100 align-self-lg-start align-self-md-start align-self-start\">\r\n                <!---->\r\n                <div data-colibri-id=\"289-c5\" class=\"h-text h-text-component style-589 style-local-289-c5 position-relative h-element\">\r\n                  <!---->\r\n                  <!---->\r\n                  <div class=\"\">\r\n                    <p>LMP Rechtsanw\u00e4lte ber\u00e4t Privatpersonen sowie Unternehmen (als Mieter oder Vermieter) in s\u00e4mtlichen Bereichen des Mietrechts.<\/p>\r\n                    <p>Wir beraten und unterst\u00fctzen Sie insbesondere in folgenden mietrechtlichen Angelegenheiten:<\/p>\r\n                  <\/div>\r\n                <\/div>\r\n                <div data-colibri-id=\"289-c6\" class=\"icon-list d-flex justify-content-lg-center justify-content-md-center justify-content-center style-590 style-local-289-c6 position-relative h-element\">\r\n                  <!---->\r\n                  <ul class=\"ul-list-icon vertical-on-desktop vertical-on-tablet vertical-on-mobile justify-content-lg-center justify-content-md-center justify-content-center\">\r\n                    <!---->\r\n                    <li class=\"list-item no-gutters\">\r\n                      <!---->\r\n                      <div class=\"list-container-divider d-flex justify-content-lg-center justify-content-md-center justify-content-center first-el-spacer\"><\/div> <span class=\"item-link no-gutters\"><div class=\"d-flex h-col no-gutters align-items-lg-center align-items-md-center align-items-center list-item-text-wrapper\"><div class=\"d-flex\"><span  class=\"h-svg-icon style-590-icon style-local-289-c6-icon\"><!--Icon by Font Awesome (https:\/\/fontawesome.com)--><svg version=\"1.1\" xmlns=\"http:\/\/www.w3.org\/2000\/svg\" xmlns:xlink=\"http:\/\/www.w3.org\/1999\/xlink\" id=\"circle\" viewBox=\"0 0 1536 1896.0833\"><path d=\"M1536 896q0 209-103 385.5T1153.5 1561 768 1664t-385.5-103T103 1281.5 0 896t103-385.5T382.5 231 768 128t385.5 103T1433 510.5 1536 896z\"><\/path><\/svg><\/span><\/div>\r\n                <span class=\"list-text d-block\"><span>Erstellung, Pr\u00fcfung sowie Verhandlung von Mietvertr\u00e4gen;<\/span><\/span>\r\n              <\/div>\r\n              <\/span>\r\n              <div class=\"list-container-divider d-flex justify-content-lg-center justify-content-md-center justify-content-center\">\r\n                <!---->\r\n              <\/div>\r\n              <\/li>\r\n              <li class=\"list-item no-gutters\">\r\n                <!---->\r\n                <!----><span class=\"item-link no-gutters\"><div class=\"d-flex h-col no-gutters align-items-lg-center align-items-md-center align-items-center list-item-text-wrapper\"><div class=\"d-flex\"><span  class=\"h-svg-icon style-590-icon style-local-289-c6-icon\"><!--Icon by Font Awesome (https:\/\/fontawesome.com)--><svg version=\"1.1\" xmlns=\"http:\/\/www.w3.org\/2000\/svg\" xmlns:xlink=\"http:\/\/www.w3.org\/1999\/xlink\" id=\"circle\" viewBox=\"0 0 1536 1896.0833\"><path d=\"M1536 896q0 209-103 385.5T1153.5 1561 768 1664t-385.5-103T103 1281.5 0 896t103-385.5T382.5 231 768 128t385.5 103T1433 510.5 1536 896z\"><\/path><\/svg><\/span><\/div>\r\n            <span class=\"list-text d-block\"><span>Streitigkeiten w\u00e4hrend dem laufenden Mietverh\u00e4ltnis;<\/span><\/span>\r\n          <\/div>\r\n          <\/span>\r\n          <div class=\"list-container-divider d-flex justify-content-lg-center justify-content-md-center justify-content-center\">\r\n            <!---->\r\n          <\/div>\r\n          <\/li>\r\n          <li class=\"list-item no-gutters\">\r\n            <!---->\r\n            <!----><span class=\"item-link no-gutters\"><div class=\"d-flex h-col no-gutters align-items-lg-center align-items-md-center align-items-center list-item-text-wrapper\"><div class=\"d-flex\"><span  class=\"h-svg-icon style-590-icon style-local-289-c6-icon\"><!--Icon by Font Awesome (https:\/\/fontawesome.com)--><svg version=\"1.1\" xmlns=\"http:\/\/www.w3.org\/2000\/svg\" xmlns:xlink=\"http:\/\/www.w3.org\/1999\/xlink\" id=\"circle\" viewBox=\"0 0 1536 1896.0833\"><path d=\"M1536 896q0 209-103 385.5T1153.5 1561 768 1664t-385.5-103T103 1281.5 0 896t103-385.5T382.5 231 768 128t385.5 103T1433 510.5 1536 896z\"><\/path><\/svg><\/span><\/div>\r\n        <span class=\"list-text d-block\"><span>Mietzinserh\u00f6hungen;<\/span><\/span>\r\n      <\/div>\r\n      <\/span>\r\n      <div class=\"list-container-divider d-flex justify-content-lg-center justify-content-md-center justify-content-center\">\r\n        <!---->\r\n      <\/div>\r\n      <\/li>\r\n      <li class=\"list-item no-gutters\">\r\n        <!---->\r\n        <!----><span class=\"item-link no-gutters\"><div class=\"d-flex h-col no-gutters align-items-lg-center align-items-md-center align-items-center list-item-text-wrapper\"><div class=\"d-flex\"><span  class=\"h-svg-icon style-590-icon style-local-289-c6-icon\"><!--Icon by Font Awesome (https:\/\/fontawesome.com)--><svg version=\"1.1\" xmlns=\"http:\/\/www.w3.org\/2000\/svg\" xmlns:xlink=\"http:\/\/www.w3.org\/1999\/xlink\" id=\"circle\" viewBox=\"0 0 1536 1896.0833\"><path d=\"M1536 896q0 209-103 385.5T1153.5 1561 768 1664t-385.5-103T103 1281.5 0 896t103-385.5T382.5 231 768 128t385.5 103T1433 510.5 1536 896z\"><\/path><\/svg><\/span><\/div>\r\n    <span class=\"list-text d-block\"><span>Kostentragung von Reparaturen oder Instandstellungen;<\/span><\/span>\r\n  <\/div>\r\n  <\/span>\r\n  <div class=\"list-container-divider d-flex justify-content-lg-center justify-content-md-center justify-content-center\">\r\n    <!---->\r\n  <\/div>\r\n  <\/li>\r\n  <li class=\"list-item no-gutters\">\r\n    <!---->\r\n    <!----><span class=\"item-link no-gutters\"><div class=\"d-flex h-col no-gutters align-items-lg-center align-items-md-center align-items-center list-item-text-wrapper\"><div class=\"d-flex\"><span  class=\"h-svg-icon style-590-icon style-local-289-c6-icon\"><!--Icon by Font Awesome (https:\/\/fontawesome.com)--><svg version=\"1.1\" xmlns=\"http:\/\/www.w3.org\/2000\/svg\" xmlns:xlink=\"http:\/\/www.w3.org\/1999\/xlink\" id=\"circle\" viewBox=\"0 0 1536 1896.0833\"><path d=\"M1536 896q0 209-103 385.5T1153.5 1561 768 1664t-385.5-103T103 1281.5 0 896t103-385.5T382.5 231 768 128t385.5 103T1433 510.5 1536 896z\"><\/path><\/svg><\/span><\/div>\r\n<span class=\"list-text d-block\"><span>Mietzinsstreitigkeiten;<\/span><\/span>\r\n<\/div>\r\n<\/span>\r\n<div class=\"list-container-divider d-flex justify-content-lg-center justify-content-md-center justify-content-center\">\r\n  <!---->\r\n<\/div>\r\n<\/li>\r\n<li class=\"list-item no-gutters\">\r\n  <!---->\r\n  <!----><span class=\"item-link no-gutters\"><div class=\"d-flex h-col no-gutters align-items-lg-center align-items-md-center align-items-center list-item-text-wrapper\"><div class=\"d-flex\"><span  class=\"h-svg-icon style-590-icon style-local-289-c6-icon\"><!--Icon by Font Awesome (https:\/\/fontawesome.com)--><svg version=\"1.1\" xmlns=\"http:\/\/www.w3.org\/2000\/svg\" xmlns:xlink=\"http:\/\/www.w3.org\/1999\/xlink\" id=\"circle\" viewBox=\"0 0 1536 1896.0833\"><path d=\"M1536 896q0 209-103 385.5T1153.5 1561 768 1664t-385.5-103T103 1281.5 0 896t103-385.5T382.5 231 768 128t385.5 103T1433 510.5 1536 896z\"><\/path><\/svg><\/span><\/div>\r\n  <span class=\"list-text d-block\"><span>Beendigung des Mietverh\u00e4ltnisses;<\/span><\/span>\r\n  <\/div>\r\n  <\/span>\r\n  <div class=\"list-container-divider d-flex justify-content-lg-center justify-content-md-center justify-content-center\">\r\n    <!---->\r\n  <\/div>\r\n<\/li>\r\n<li class=\"list-item no-gutters\">\r\n  <!---->\r\n  <!----><span class=\"item-link no-gutters\"><div class=\"d-flex h-col no-gutters align-items-lg-center align-items-md-center align-items-center list-item-text-wrapper\"><div class=\"d-flex\"><span  class=\"h-svg-icon style-590-icon style-local-289-c6-icon\"><!--Icon by Font Awesome (https:\/\/fontawesome.com)--><svg version=\"1.1\" xmlns=\"http:\/\/www.w3.org\/2000\/svg\" xmlns:xlink=\"http:\/\/www.w3.org\/1999\/xlink\" id=\"circle\" viewBox=\"0 0 1536 1896.0833\"><path d=\"M1536 896q0 209-103 385.5T1153.5 1561 768 1664t-385.5-103T103 1281.5 0 896t103-385.5T382.5 231 768 128t385.5 103T1433 510.5 1536 896z\"><\/path><\/svg><\/span><\/div>\r\n  <span class=\"list-text d-block\"><span>L\u00e4rm- und andere Immissionen;<\/span><\/span>\r\n  <\/div>\r\n  <\/span>\r\n  <div class=\"list-container-divider d-flex justify-content-lg-center justify-content-md-center justify-content-center\">\r\n    <!---->\r\n  <\/div>\r\n<\/li>\r\n<li class=\"list-item no-gutters\">\r\n  <!---->\r\n  <!----><span class=\"item-link no-gutters\"><div class=\"d-flex h-col no-gutters align-items-lg-center align-items-md-center align-items-center list-item-text-wrapper\"><div class=\"d-flex\"><span  class=\"h-svg-icon style-590-icon style-local-289-c6-icon\"><!--Icon by Font Awesome (https:\/\/fontawesome.com)--><svg version=\"1.1\" xmlns=\"http:\/\/www.w3.org\/2000\/svg\" xmlns:xlink=\"http:\/\/www.w3.org\/1999\/xlink\" id=\"circle\" viewBox=\"0 0 1536 1896.0833\"><path d=\"M1536 896q0 209-103 385.5T1153.5 1561 768 1664t-385.5-103T103 1281.5 0 896t103-385.5T382.5 231 768 128t385.5 103T1433 510.5 1536 896z\"><\/path><\/svg><\/span><\/div>\r\n  <span class=\"list-text d-block\"><span>missbr\u00e4uchliche K\u00fcndigung;<\/span><\/span>\r\n  <\/div>\r\n  <\/span>\r\n  <div class=\"list-container-divider d-flex justify-content-lg-center justify-content-md-center justify-content-center\">\r\n    <!---->\r\n  <\/div>\r\n<\/li>\r\n<li class=\"list-item no-gutters\">\r\n  <!---->\r\n  <!----><span class=\"item-link no-gutters\"><div class=\"d-flex h-col no-gutters align-items-lg-center align-items-md-center align-items-center list-item-text-wrapper\"><div class=\"d-flex\"><span  class=\"h-svg-icon style-590-icon style-local-289-c6-icon\"><!--Icon by Font Awesome (https:\/\/fontawesome.com)--><svg version=\"1.1\" xmlns=\"http:\/\/www.w3.org\/2000\/svg\" xmlns:xlink=\"http:\/\/www.w3.org\/1999\/xlink\" id=\"circle\" viewBox=\"0 0 1536 1896.0833\"><path d=\"M1536 896q0 209-103 385.5T1153.5 1561 768 1664t-385.5-103T103 1281.5 0 896t103-385.5T382.5 231 768 128t385.5 103T1433 510.5 1536 896z\"><\/path><\/svg><\/span><\/div>\r\n  <span class=\"list-text d-block\"><span>Mieterstreckung; und<\/span><\/span>\r\n  <\/div>\r\n  <\/span>\r\n  <div class=\"list-container-divider d-flex justify-content-lg-center justify-content-md-center justify-content-center\">\r\n    <!---->\r\n  <\/div>\r\n<\/li>\r\n<li class=\"list-item no-gutters\">\r\n  <!---->\r\n  <!----><span class=\"item-link no-gutters\"><div class=\"d-flex h-col no-gutters align-items-lg-center align-items-md-center align-items-center list-item-text-wrapper\"><div class=\"d-flex\"><span  class=\"h-svg-icon style-590-icon style-local-289-c6-icon\"><!--Icon by Font Awesome (https:\/\/fontawesome.com)--><svg version=\"1.1\" xmlns=\"http:\/\/www.w3.org\/2000\/svg\" xmlns:xlink=\"http:\/\/www.w3.org\/1999\/xlink\" id=\"circle\" viewBox=\"0 0 1536 1896.0833\"><path d=\"M1536 896q0 209-103 385.5T1153.5 1561 768 1664t-385.5-103T103 1281.5 0 896t103-385.5T382.5 231 768 128t385.5 103T1433 510.5 1536 896z\"><\/path><\/svg><\/span><\/div>\r\n  <span class=\"list-text d-block\"><span>Mieterausweisung (Exmission).<\/span><\/span>\r\n  <\/div>\r\n  <\/span>\r\n  <div class=\"list-container-divider d-flex justify-content-lg-center justify-content-md-center justify-content-center\" style=\"display: none;\">\r\n    <!---->\r\n  <\/div>\r\n  <div class=\"list-container-divider d-flex justify-content-lg-center justify-content-md-center justify-content-center last-el-spacer\"><\/div>\r\n<\/li>\r\n<\/ul>\r\n<\/div>\r\n<\/div>\r\n<\/div>\r\n<\/div>\r\n<\/div>\r\n<\/div>\r\n<\/div>\r\n<\/div>\r\n<\/div>","protected":false},"excerpt":{"rendered":"<p>LMP Rechtsanw\u00e4lte ber\u00e4t Privatpersonen sowie Unternehmen (als Mieter oder Vermieter) in s\u00e4mtlichen Bereichen des Mietrechts. Wir beraten und unterst\u00fctzen Sie insbesondere in folgenden mietrechtlichen Angelegenheiten: Erstellung, Pr\u00fcfung sowie Verhandlung von Mietvertr\u00e4gen; Streitigkeiten w\u00e4hrend dem laufenden Mietverh\u00e4ltnis; Mietzinserh\u00f6hungen; Kostentragung von Reparaturen oder Instandstellungen; Mietzinsstreitigkeiten; Beendigung des Mietverh\u00e4ltnisses; L\u00e4rm- und andere Immissionen; missbr\u00e4uchliche K\u00fcndigung; Mieterstreckung; und Mieterausweisung [&hellip;]<\/p>\n","protected":false},"author":2,"featured_media":0,"parent":0,"menu_order":0,"comment_status":"closed","ping_status":"closed","template":"page-templates\/full-width-page.php","meta":{"footnotes":""},"class_list":["post-289","page","type-page","status-publish","hentry"],"yoast_head":"<!-- This site is optimized with the Yoast SEO plugin v26.8 - https:\/\/yoast.com\/product\/yoast-seo-wordpress\/ -->\n<title>Mietrecht - LMP Rechtsanw\u00e4lte GmbH<\/title>\n<meta name=\"description\" content=\"LMP Rechtsanw\u00e4lte ber\u00e4t Privatpersonen sowie Unternehmen (als Mieter oder Vermieter) in s\u00e4mtlichen Bereichen des Mietrechts.\" \/>\n<meta name=\"robots\" content=\"index, follow, max-snippet:-1, max-image-preview:large, max-video-preview:-1\" \/>\n<link rel=\"canonical\" href=\"https:\/\/www.lmp.legal\/index.php\/mietrecht\/\" \/>\n<meta property=\"og:locale\" content=\"de_DE\" \/>\n<meta property=\"og:type\" content=\"article\" \/>\n<meta property=\"og:title\" content=\"Mietrecht - LMP Rechtsanw\u00e4lte GmbH\" \/>\n<meta property=\"og:description\" content=\"LMP Rechtsanw\u00e4lte ber\u00e4t Privatpersonen sowie Unternehmen (als Mieter oder Vermieter) in s\u00e4mtlichen Bereichen des Mietrechts.\" \/>\n<meta property=\"og:url\" content=\"https:\/\/www.lmp.legal\/index.php\/mietrecht\/\" \/>\n<meta property=\"og:site_name\" content=\"LMP Rechtsanw\u00e4lte GmbH\" \/>\n<meta property=\"article:modified_time\" content=\"2020-08-21T12:54:06+00:00\" \/>\n<meta name=\"twitter:card\" content=\"summary_large_image\" \/>\n<script type=\"application\/ld+json\" class=\"yoast-schema-graph\">{\"@context\":\"https:\/\/schema.org\",\"@graph\":[{\"@type\":\"WebPage\",\"@id\":\"https:\/\/www.lmp.legal\/index.php\/mietrecht\/\",\"url\":\"https:\/\/www.lmp.legal\/index.php\/mietrecht\/\",\"name\":\"Mietrecht - LMP Rechtsanw\u00e4lte GmbH\",\"isPartOf\":{\"@id\":\"https:\/\/www.lmp.legal\/#website\"},\"datePublished\":\"2020-08-07T17:41:40+00:00\",\"dateModified\":\"2020-08-21T12:54:06+00:00\",\"description\":\"LMP Rechtsanw\u00e4lte ber\u00e4t Privatpersonen sowie Unternehmen (als Mieter oder Vermieter) in s\u00e4mtlichen Bereichen des Mietrechts.\",\"breadcrumb\":{\"@id\":\"https:\/\/www.lmp.legal\/index.php\/mietrecht\/#breadcrumb\"},\"inLanguage\":\"de\",\"potentialAction\":[{\"@type\":\"ReadAction\",\"target\":[\"https:\/\/www.lmp.legal\/index.php\/mietrecht\/\"]}]},{\"@type\":\"BreadcrumbList\",\"@id\":\"https:\/\/www.lmp.legal\/index.php\/mietrecht\/#breadcrumb\",\"itemListElement\":[{\"@type\":\"ListItem\",\"position\":1,\"name\":\"Home\",\"item\":\"https:\/\/www.lmp.legal\/\"},{\"@type\":\"ListItem\",\"position\":2,\"name\":\"Mietrecht\"}]},{\"@type\":\"WebSite\",\"@id\":\"https:\/\/www.lmp.legal\/#website\",\"url\":\"https:\/\/www.lmp.legal\/\",\"name\":\"LMP Rechtsanw\u00e4lte GmbH\",\"description\":\"Ihre Boutiquekanzlei\",\"publisher\":{\"@id\":\"https:\/\/www.lmp.legal\/#organization\"},\"potentialAction\":[{\"@type\":\"SearchAction\",\"target\":{\"@type\":\"EntryPoint\",\"urlTemplate\":\"https:\/\/www.lmp.legal\/?s={search_term_string}\"},\"query-input\":{\"@type\":\"PropertyValueSpecification\",\"valueRequired\":true,\"valueName\":\"search_term_string\"}}],\"inLanguage\":\"de\"},{\"@type\":\"Organization\",\"@id\":\"https:\/\/www.lmp.legal\/#organization\",\"name\":\"LMP Rechtsanw\u00e4lte GmbH\",\"url\":\"https:\/\/www.lmp.legal\/\",\"logo\":{\"@type\":\"ImageObject\",\"inLanguage\":\"de\",\"@id\":\"https:\/\/www.lmp.legal\/#\/schema\/logo\/image\/\",\"url\":\"https:\/\/www.lmp.legal\/wp-content\/uploads\/2020\/08\/Original.png\",\"contentUrl\":\"https:\/\/www.lmp.legal\/wp-content\/uploads\/2020\/08\/Original.png\",\"width\":7500,\"height\":7500,\"caption\":\"LMP Rechtsanw\u00e4lte GmbH\"},\"image\":{\"@id\":\"https:\/\/www.lmp.legal\/#\/schema\/logo\/image\/\"}}]}<\/script>\n<!-- \/ Yoast SEO plugin. -->","yoast_head_json":{"title":"Mietrecht - LMP Rechtsanw\u00e4lte GmbH","description":"LMP Rechtsanw\u00e4lte ber\u00e4t Privatpersonen sowie Unternehmen (als Mieter oder Vermieter) in s\u00e4mtlichen Bereichen des Mietrechts.","robots":{"index":"index","follow":"follow","max-snippet":"max-snippet:-1","max-image-preview":"max-image-preview:large","max-video-preview":"max-video-preview:-1"},"canonical":"https:\/\/www.lmp.legal\/index.php\/mietrecht\/","og_locale":"de_DE","og_type":"article","og_title":"Mietrecht - LMP Rechtsanw\u00e4lte GmbH","og_description":"LMP Rechtsanw\u00e4lte ber\u00e4t Privatpersonen sowie Unternehmen (als Mieter oder Vermieter) in s\u00e4mtlichen Bereichen des Mietrechts.","og_url":"https:\/\/www.lmp.legal\/index.php\/mietrecht\/","og_site_name":"LMP Rechtsanw\u00e4lte GmbH","article_modified_time":"2020-08-21T12:54:06+00:00","twitter_card":"summary_large_image","schema":{"@context":"https:\/\/schema.org","@graph":[{"@type":"WebPage","@id":"https:\/\/www.lmp.legal\/index.php\/mietrecht\/","url":"https:\/\/www.lmp.legal\/index.php\/mietrecht\/","name":"Mietrecht - LMP Rechtsanw\u00e4lte GmbH","isPartOf":{"@id":"https:\/\/www.lmp.legal\/#website"},"datePublished":"2020-08-07T17:41:40+00:00","dateModified":"2020-08-21T12:54:06+00:00","description":"LMP Rechtsanw\u00e4lte ber\u00e4t Privatpersonen sowie Unternehmen (als Mieter oder Vermieter) in s\u00e4mtlichen Bereichen des Mietrechts.","breadcrumb":{"@id":"https:\/\/www.lmp.legal\/index.php\/mietrecht\/#breadcrumb"},"inLanguage":"de","potentialAction":[{"@type":"ReadAction","target":["https:\/\/www.lmp.legal\/index.php\/mietrecht\/"]}]},{"@type":"BreadcrumbList","@id":"https:\/\/www.lmp.legal\/index.php\/mietrecht\/#breadcrumb","itemListElement":[{"@type":"ListItem","position":1,"name":"Home","item":"https:\/\/www.lmp.legal\/"},{"@type":"ListItem","position":2,"name":"Mietrecht"}]},{"@type":"WebSite","@id":"https:\/\/www.lmp.legal\/#website","url":"https:\/\/www.lmp.legal\/","name":"LMP Rechtsanw\u00e4lte GmbH","description":"Ihre Boutiquekanzlei","publisher":{"@id":"https:\/\/www.lmp.legal\/#organization"},"potentialAction":[{"@type":"SearchAction","target":{"@type":"EntryPoint","urlTemplate":"https:\/\/www.lmp.legal\/?s={search_term_string}"},"query-input":{"@type":"PropertyValueSpecification","valueRequired":true,"valueName":"search_term_string"}}],"inLanguage":"de"},{"@type":"Organization","@id":"https:\/\/www.lmp.legal\/#organization","name":"LMP Rechtsanw\u00e4lte GmbH","url":"https:\/\/www.lmp.legal\/","logo":{"@type":"ImageObject","inLanguage":"de","@id":"https:\/\/www.lmp.legal\/#\/schema\/logo\/image\/","url":"https:\/\/www.lmp.legal\/wp-content\/uploads\/2020\/08\/Original.png","contentUrl":"https:\/\/www.lmp.legal\/wp-content\/uploads\/2020\/08\/Original.png","width":7500,"height":7500,"caption":"LMP Rechtsanw\u00e4lte GmbH"},"image":{"@id":"https:\/\/www.lmp.legal\/#\/schema\/logo\/image\/"}}]}},"jetpack_sharing_enabled":true,"_links":{"self":[{"href":"https:\/\/www.lmp.legal\/index.php\/wp-json\/wp\/v2\/pages\/289","targetHints":{"allow":["GET"]}}],"collection":[{"href":"https:\/\/www.lmp.legal\/index.php\/wp-json\/wp\/v2\/pages"}],"about":[{"href":"https:\/\/www.lmp.legal\/index.php\/wp-json\/wp\/v2\/types\/page"}],"author":[{"embeddable":true,"href":"https:\/\/www.lmp.legal\/index.php\/wp-json\/wp\/v2\/users\/2"}],"replies":[{"embeddable":true,"href":"https:\/\/www.lmp.legal\/index.php\/wp-json\/wp\/v2\/comments?post=289"}],"version-history":[{"count":0,"href":"https:\/\/www.lmp.legal\/index.php\/wp-json\/wp\/v2\/pages\/289\/revisions"}],"wp:attachment":[{"href":"https:\/\/www.lmp.legal\/index.php\/wp-json\/wp\/v2\/media?parent=289"}],"curies":[{"name":"wp","href":"https:\/\/api.w.org\/{rel}","templated":true}]}}