{"id":280,"date":"2020-08-07T19:32:21","date_gmt":"2020-08-07T17:32:21","guid":{"rendered":"http:\/\/34.65.254.237\/?page_id=280"},"modified":"2020-08-21T14:53:23","modified_gmt":"2020-08-21T12:53:23","slug":"mergers-acquisitions","status":"publish","type":"page","link":"https:\/\/www.lmp.legal\/index.php\/mergers-acquisitions\/","title":{"rendered":"Mergers &#038; Acquisitions"},"content":{"rendered":"<div data-colibri-id=\"280-c1\" class=\"style-510 style-local-280-c1 position-relative\">\r\n  <!---->\r\n  <div data-colibri-component=\"section\" data-colibri-id=\"280-c2\" id=\"custom\" class=\"h-section h-section-global-spacing d-flex align-items-lg-center align-items-md-center align-items-center style-511 style-local-280-c2 position-relative\">\r\n    <!---->\r\n    <!---->\r\n    <div class=\"h-section-grid-container h-section-boxed-container\">\r\n      <!---->\r\n      <div data-colibri-id=\"280-c3\" class=\"h-row-container gutters-row-lg-2 gutters-row-md-2 gutters-row-0 gutters-row-v-lg-2 gutters-row-v-md-2 gutters-row-v-2 style-512 style-local-280-c3 position-relative\">\r\n        <!---->\r\n        <div class=\"h-row justify-content-lg-center justify-content-md-center justify-content-center align-items-lg-stretch align-items-md-stretch align-items-stretch gutters-col-lg-2 gutters-col-md-2 gutters-col-0 gutters-col-v-lg-2 gutters-col-v-md-2 gutters-col-v-2\">\r\n          <!---->\r\n          <div class=\"h-column h-column-container d-flex h-col-lg-auto h-col-md-auto h-col-auto style-513-outer style-local-280-c4-outer\">\r\n            <div data-colibri-id=\"280-c4\" class=\"d-flex h-flex-basis h-column__inner h-px-lg-2 h-px-md-2 h-px-2 v-inner-lg-2 v-inner-md-2 v-inner-2 style-513 style-local-280-c4 position-relative\">\r\n              <!---->\r\n              <!---->\r\n              <div class=\"w-100 h-y-container h-column__content h-column__v-align flex-basis-100 align-self-lg-start align-self-md-start align-self-start\">\r\n                <!---->\r\n                <div data-colibri-id=\"280-c5\" class=\"h-text h-text-component style-514 style-local-280-c5 position-relative h-element\">\r\n                  <!---->\r\n                  <!---->\r\n                  <div class=\"\">\r\n                    <p>LMP Rechtsanw\u00e4lte ber\u00e4t nationale sowie internationale Klienten aus unterschiedlichen Industrien sowohl bez\u00fcglich privat gehaltener als auch kotierten Gesellschaften. Wir begleiten Sie durch alle Phasen vielschichtiger Transaktionsprozesse,\r\n                      einschliesslich Akquisitionen sowie Verk\u00e4ufen, \u00dcbernahmen (friendly und unfriendly takeovers), Private-Equity-Transaktionen, Spaltungen, Fusionen sowie Restrukturierungen und die Integration nach dem Vollzug.<\/p>\r\n                    <p>Wir unterst\u00fctzen Sie insbesondere bei folgenden Mergers- &amp; Acquisitions-Transaktionen:<\/p>\r\n                  <\/div>\r\n                <\/div>\r\n                <div data-colibri-id=\"280-c6\" class=\"icon-list d-flex justify-content-lg-center justify-content-md-center justify-content-center style-515 style-local-280-c6 position-relative h-element\">\r\n                  <!---->\r\n                  <ul class=\"ul-list-icon vertical-on-desktop vertical-on-tablet vertical-on-mobile justify-content-lg-center justify-content-md-center justify-content-center\">\r\n                    <!---->\r\n                    <li class=\"list-item no-gutters\">\r\n                      <!---->\r\n                      <div class=\"list-container-divider d-flex justify-content-lg-center justify-content-md-center justify-content-center first-el-spacer\"><\/div> <span class=\"item-link no-gutters\"><div class=\"d-flex h-col no-gutters align-items-lg-center align-items-md-center align-items-center list-item-text-wrapper\"><div class=\"d-flex\"><span  class=\"h-svg-icon style-515-icon style-local-280-c6-icon\"><!--Icon by Font Awesome (https:\/\/fontawesome.com)--><svg version=\"1.1\" xmlns=\"http:\/\/www.w3.org\/2000\/svg\" xmlns:xlink=\"http:\/\/www.w3.org\/1999\/xlink\" id=\"circle\" viewBox=\"0 0 1536 1896.0833\"><path d=\"M1536 896q0 209-103 385.5T1153.5 1561 768 1664t-385.5-103T103 1281.5 0 896t103-385.5T382.5 231 768 128t385.5 103T1433 510.5 1536 896z\"><\/path><\/svg><\/span><\/div>\r\n                <span class=\"list-text d-block\"><span>rechtliche, steuerliche sowie \u00f6konomische Due Diligence;<\/span><\/span>\r\n              <\/div>\r\n              <\/span>\r\n              <div class=\"list-container-divider d-flex justify-content-lg-center justify-content-md-center justify-content-center\">\r\n                <!---->\r\n              <\/div>\r\n              <\/li>\r\n              <li class=\"list-item no-gutters\">\r\n                <!---->\r\n                <!----><span class=\"item-link no-gutters\"><div class=\"d-flex h-col no-gutters align-items-lg-center align-items-md-center align-items-center list-item-text-wrapper\"><div class=\"d-flex\"><span  class=\"h-svg-icon style-515-icon style-local-280-c6-icon\"><!--Icon by Font Awesome (https:\/\/fontawesome.com)--><svg version=\"1.1\" xmlns=\"http:\/\/www.w3.org\/2000\/svg\" xmlns:xlink=\"http:\/\/www.w3.org\/1999\/xlink\" id=\"circle\" viewBox=\"0 0 1536 1896.0833\"><path d=\"M1536 896q0 209-103 385.5T1153.5 1561 768 1664t-385.5-103T103 1281.5 0 896t103-385.5T382.5 231 768 128t385.5 103T1433 510.5 1536 896z\"><\/path><\/svg><\/span><\/div>\r\n            <span class=\"list-text d-block\"><span>Kauf sowie Verkauf von Unternehmen und Unternehmensteilen (Asset sowie Share Deals);<\/span><\/span>\r\n          <\/div>\r\n          <\/span>\r\n          <div class=\"list-container-divider d-flex justify-content-lg-center justify-content-md-center justify-content-center\">\r\n            <!---->\r\n          <\/div>\r\n          <\/li>\r\n          <li class=\"list-item no-gutters\">\r\n            <!---->\r\n            <!----><span class=\"item-link no-gutters\"><div class=\"d-flex h-col no-gutters align-items-lg-center align-items-md-center align-items-center list-item-text-wrapper\"><div class=\"d-flex\"><span  class=\"h-svg-icon style-515-icon style-local-280-c6-icon\"><!--Icon by Font Awesome (https:\/\/fontawesome.com)--><svg version=\"1.1\" xmlns=\"http:\/\/www.w3.org\/2000\/svg\" xmlns:xlink=\"http:\/\/www.w3.org\/1999\/xlink\" id=\"circle\" viewBox=\"0 0 1536 1896.0833\"><path d=\"M1536 896q0 209-103 385.5T1153.5 1561 768 1664t-385.5-103T103 1281.5 0 896t103-385.5T382.5 231 768 128t385.5 103T1433 510.5 1536 896z\"><\/path><\/svg><\/span><\/div>\r\n        <span class=\"list-text d-block\"><span>Beratung und Strukturierung von Joint Ventures sowie Kooperationen;<\/span><\/span>\r\n      <\/div>\r\n      <\/span>\r\n      <div class=\"list-container-divider d-flex justify-content-lg-center justify-content-md-center justify-content-center\">\r\n        <!---->\r\n      <\/div>\r\n      <\/li>\r\n      <li class=\"list-item no-gutters\">\r\n        <!---->\r\n        <!----><span class=\"item-link no-gutters\"><div class=\"d-flex h-col no-gutters align-items-lg-center align-items-md-center align-items-center list-item-text-wrapper\"><div class=\"d-flex\"><span  class=\"h-svg-icon style-515-icon style-local-280-c6-icon\"><!--Icon by Font Awesome (https:\/\/fontawesome.com)--><svg version=\"1.1\" xmlns=\"http:\/\/www.w3.org\/2000\/svg\" xmlns:xlink=\"http:\/\/www.w3.org\/1999\/xlink\" id=\"circle\" viewBox=\"0 0 1536 1896.0833\"><path d=\"M1536 896q0 209-103 385.5T1153.5 1561 768 1664t-385.5-103T103 1281.5 0 896t103-385.5T382.5 231 768 128t385.5 103T1433 510.5 1536 896z\"><\/path><\/svg><\/span><\/div>\r\n    <span class=\"list-text d-block\"><span>Umstrukturierungen (Fusionen, Spaltungen, Umwandlungen, Verm\u00f6gens\u00fcbertragungen);<\/span><\/span>\r\n  <\/div>\r\n  <\/span>\r\n  <div class=\"list-container-divider d-flex justify-content-lg-center justify-content-md-center justify-content-center\">\r\n    <!---->\r\n  <\/div>\r\n  <\/li>\r\n  <li class=\"list-item no-gutters\">\r\n    <!---->\r\n    <!----><span class=\"item-link no-gutters\"><div class=\"d-flex h-col no-gutters align-items-lg-center align-items-md-center align-items-center list-item-text-wrapper\"><div class=\"d-flex\"><span  class=\"h-svg-icon style-515-icon style-local-280-c6-icon\"><!--Icon by Font Awesome (https:\/\/fontawesome.com)--><svg version=\"1.1\" xmlns=\"http:\/\/www.w3.org\/2000\/svg\" xmlns:xlink=\"http:\/\/www.w3.org\/1999\/xlink\" id=\"circle\" viewBox=\"0 0 1536 1896.0833\"><path d=\"M1536 896q0 209-103 385.5T1153.5 1561 768 1664t-385.5-103T103 1281.5 0 896t103-385.5T382.5 231 768 128t385.5 103T1433 510.5 1536 896z\"><\/path><\/svg><\/span><\/div>\r\n<span class=\"list-text d-block\"><span>Management Buy Outs, Management Buy Ins;<\/span><\/span>\r\n<\/div>\r\n<\/span>\r\n<div class=\"list-container-divider d-flex justify-content-lg-center justify-content-md-center justify-content-center\">\r\n  <!---->\r\n<\/div>\r\n<\/li>\r\n<li class=\"list-item no-gutters\">\r\n  <!---->\r\n  <!----><span class=\"item-link no-gutters\"><div class=\"d-flex h-col no-gutters align-items-lg-center align-items-md-center align-items-center list-item-text-wrapper\"><div class=\"d-flex\"><span  class=\"h-svg-icon style-515-icon style-local-280-c6-icon\"><!--Icon by Font Awesome (https:\/\/fontawesome.com)--><svg version=\"1.1\" xmlns=\"http:\/\/www.w3.org\/2000\/svg\" xmlns:xlink=\"http:\/\/www.w3.org\/1999\/xlink\" id=\"circle\" viewBox=\"0 0 1536 1896.0833\"><path d=\"M1536 896q0 209-103 385.5T1153.5 1561 768 1664t-385.5-103T103 1281.5 0 896t103-385.5T382.5 231 768 128t385.5 103T1433 510.5 1536 896z\"><\/path><\/svg><\/span><\/div>\r\n  <span class=\"list-text d-block\"><span>Eigenkapital-, Fremdkapital- sowie Mezzaninekapitalfinanzierung;<\/span><\/span>\r\n  <\/div>\r\n  <\/span>\r\n  <div class=\"list-container-divider d-flex justify-content-lg-center justify-content-md-center justify-content-center\">\r\n    <!---->\r\n  <\/div>\r\n<\/li>\r\n<li class=\"list-item no-gutters\">\r\n  <!---->\r\n  <!----><span class=\"item-link no-gutters\"><div class=\"d-flex h-col no-gutters align-items-lg-center align-items-md-center align-items-center list-item-text-wrapper\"><div class=\"d-flex\"><span  class=\"h-svg-icon style-515-icon style-local-280-c6-icon\"><!--Icon by Font Awesome (https:\/\/fontawesome.com)--><svg version=\"1.1\" xmlns=\"http:\/\/www.w3.org\/2000\/svg\" xmlns:xlink=\"http:\/\/www.w3.org\/1999\/xlink\" id=\"circle\" viewBox=\"0 0 1536 1896.0833\"><path d=\"M1536 896q0 209-103 385.5T1153.5 1561 768 1664t-385.5-103T103 1281.5 0 896t103-385.5T382.5 231 768 128t385.5 103T1433 510.5 1536 896z\"><\/path><\/svg><\/span><\/div>\r\n  <span class=\"list-text d-block\"><span>Erstellung von Transaktionsdokumentationen;<\/span><\/span>\r\n  <\/div>\r\n  <\/span>\r\n  <div class=\"list-container-divider d-flex justify-content-lg-center justify-content-md-center justify-content-center\">\r\n    <!---->\r\n  <\/div>\r\n<\/li>\r\n<li class=\"list-item no-gutters\">\r\n  <!---->\r\n  <!----><span class=\"item-link no-gutters\"><div class=\"d-flex h-col no-gutters align-items-lg-center align-items-md-center align-items-center list-item-text-wrapper\"><div class=\"d-flex\"><span  class=\"h-svg-icon style-515-icon style-local-280-c6-icon\"><!--Icon by Font Awesome (https:\/\/fontawesome.com)--><svg version=\"1.1\" xmlns=\"http:\/\/www.w3.org\/2000\/svg\" xmlns:xlink=\"http:\/\/www.w3.org\/1999\/xlink\" id=\"circle\" viewBox=\"0 0 1536 1896.0833\"><path d=\"M1536 896q0 209-103 385.5T1153.5 1561 768 1664t-385.5-103T103 1281.5 0 896t103-385.5T382.5 231 768 128t385.5 103T1433 510.5 1536 896z\"><\/path><\/svg><\/span><\/div>\r\n  <span class=\"list-text d-block\"><span>Initial Public Offerings sowie Initial Coin Offerings\/Token Generating Events; und<\/span><\/span>\r\n  <\/div>\r\n  <\/span>\r\n  <div class=\"list-container-divider d-flex justify-content-lg-center justify-content-md-center justify-content-center\">\r\n    <!---->\r\n  <\/div>\r\n<\/li>\r\n<li class=\"list-item no-gutters\">\r\n  <!---->\r\n  <!----><span class=\"item-link no-gutters\"><div class=\"d-flex h-col no-gutters align-items-lg-center align-items-md-center align-items-center list-item-text-wrapper\"><div class=\"d-flex\"><span  class=\"h-svg-icon style-515-icon style-local-280-c6-icon\"><!--Icon by Font Awesome (https:\/\/fontawesome.com)--><svg version=\"1.1\" xmlns=\"http:\/\/www.w3.org\/2000\/svg\" xmlns:xlink=\"http:\/\/www.w3.org\/1999\/xlink\" id=\"circle\" viewBox=\"0 0 1536 1896.0833\"><path d=\"M1536 896q0 209-103 385.5T1153.5 1561 768 1664t-385.5-103T103 1281.5 0 896t103-385.5T382.5 231 768 128t385.5 103T1433 510.5 1536 896z\"><\/path><\/svg><\/span><\/div>\r\n  <span class=\"list-text d-block\"><span>Beratung sowie Vertretung bei \u00f6ffentlichen \u00dcbernahmeangeboten.<\/span><\/span>\r\n  <\/div>\r\n  <\/span>\r\n  <div class=\"list-container-divider d-flex justify-content-lg-center justify-content-md-center justify-content-center\" style=\"display: none;\">\r\n    <!---->\r\n  <\/div>\r\n  <div class=\"list-container-divider d-flex justify-content-lg-center justify-content-md-center justify-content-center last-el-spacer\"><\/div>\r\n<\/li>\r\n<\/ul>\r\n<\/div>\r\n<\/div>\r\n<\/div>\r\n<\/div>\r\n<\/div>\r\n<\/div>\r\n<\/div>\r\n<\/div>\r\n<\/div>","protected":false},"excerpt":{"rendered":"<p>LMP Rechtsanw\u00e4lte ber\u00e4t nationale sowie internationale Klienten aus unterschiedlichen Industrien sowohl bez\u00fcglich privat gehaltener als auch kotierten Gesellschaften. Wir begleiten Sie durch alle Phasen vielschichtiger Transaktionsprozesse, einschliesslich Akquisitionen sowie Verk\u00e4ufen, \u00dcbernahmen (friendly und unfriendly takeovers), Private-Equity-Transaktionen, Spaltungen, Fusionen sowie Restrukturierungen und die Integration nach dem Vollzug. Wir unterst\u00fctzen Sie insbesondere bei folgenden Mergers- &amp; Acquisitions-Transaktionen: [&hellip;]<\/p>\n","protected":false},"author":2,"featured_media":0,"parent":0,"menu_order":0,"comment_status":"closed","ping_status":"closed","template":"page-templates\/full-width-page.php","meta":{"footnotes":""},"class_list":["post-280","page","type-page","status-publish","hentry"],"yoast_head":"<!-- This site is optimized with the Yoast SEO plugin v26.8 - https:\/\/yoast.com\/product\/yoast-seo-wordpress\/ -->\n<title>Mergers &amp; Acquisitions - LMP Rechtsanw\u00e4lte GmbH<\/title>\n<meta name=\"description\" content=\"Ihr Partner f\u00fcr alle Phasen von Transaktionsprozessen, inkl. Akquisitionen sowie Verk\u00e4ufen, Spaltungen, Fusionen, Restrukturierungen und Integration.\" \/>\n<meta name=\"robots\" content=\"index, follow, max-snippet:-1, max-image-preview:large, max-video-preview:-1\" \/>\n<link rel=\"canonical\" href=\"https:\/\/www.lmp.legal\/index.php\/mergers-acquisitions\/\" \/>\n<meta property=\"og:locale\" content=\"de_DE\" \/>\n<meta property=\"og:type\" content=\"article\" \/>\n<meta property=\"og:title\" content=\"Mergers &amp; Acquisitions - LMP Rechtsanw\u00e4lte GmbH\" \/>\n<meta property=\"og:description\" content=\"Ihr Partner f\u00fcr alle Phasen von Transaktionsprozessen, inkl. Akquisitionen sowie Verk\u00e4ufen, Spaltungen, Fusionen, Restrukturierungen und Integration.\" \/>\n<meta property=\"og:url\" content=\"https:\/\/www.lmp.legal\/index.php\/mergers-acquisitions\/\" \/>\n<meta property=\"og:site_name\" content=\"LMP Rechtsanw\u00e4lte GmbH\" \/>\n<meta property=\"article:modified_time\" content=\"2020-08-21T12:53:23+00:00\" \/>\n<meta name=\"twitter:card\" content=\"summary_large_image\" \/>\n<meta name=\"twitter:label1\" content=\"Gesch\u00e4tzte Lesezeit\" \/>\n\t<meta name=\"twitter:data1\" content=\"1\u00a0Minute\" \/>\n<script type=\"application\/ld+json\" class=\"yoast-schema-graph\">{\"@context\":\"https:\/\/schema.org\",\"@graph\":[{\"@type\":\"WebPage\",\"@id\":\"https:\/\/www.lmp.legal\/index.php\/mergers-acquisitions\/\",\"url\":\"https:\/\/www.lmp.legal\/index.php\/mergers-acquisitions\/\",\"name\":\"Mergers & Acquisitions - LMP Rechtsanw\u00e4lte GmbH\",\"isPartOf\":{\"@id\":\"https:\/\/www.lmp.legal\/#website\"},\"datePublished\":\"2020-08-07T17:32:21+00:00\",\"dateModified\":\"2020-08-21T12:53:23+00:00\",\"description\":\"Ihr Partner f\u00fcr alle Phasen von Transaktionsprozessen, inkl. Akquisitionen sowie Verk\u00e4ufen, Spaltungen, Fusionen, Restrukturierungen und Integration.\",\"breadcrumb\":{\"@id\":\"https:\/\/www.lmp.legal\/index.php\/mergers-acquisitions\/#breadcrumb\"},\"inLanguage\":\"de\",\"potentialAction\":[{\"@type\":\"ReadAction\",\"target\":[\"https:\/\/www.lmp.legal\/index.php\/mergers-acquisitions\/\"]}]},{\"@type\":\"BreadcrumbList\",\"@id\":\"https:\/\/www.lmp.legal\/index.php\/mergers-acquisitions\/#breadcrumb\",\"itemListElement\":[{\"@type\":\"ListItem\",\"position\":1,\"name\":\"Home\",\"item\":\"https:\/\/www.lmp.legal\/\"},{\"@type\":\"ListItem\",\"position\":2,\"name\":\"Mergers &#038; Acquisitions\"}]},{\"@type\":\"WebSite\",\"@id\":\"https:\/\/www.lmp.legal\/#website\",\"url\":\"https:\/\/www.lmp.legal\/\",\"name\":\"LMP Rechtsanw\u00e4lte GmbH\",\"description\":\"Ihre Boutiquekanzlei\",\"publisher\":{\"@id\":\"https:\/\/www.lmp.legal\/#organization\"},\"potentialAction\":[{\"@type\":\"SearchAction\",\"target\":{\"@type\":\"EntryPoint\",\"urlTemplate\":\"https:\/\/www.lmp.legal\/?s={search_term_string}\"},\"query-input\":{\"@type\":\"PropertyValueSpecification\",\"valueRequired\":true,\"valueName\":\"search_term_string\"}}],\"inLanguage\":\"de\"},{\"@type\":\"Organization\",\"@id\":\"https:\/\/www.lmp.legal\/#organization\",\"name\":\"LMP Rechtsanw\u00e4lte GmbH\",\"url\":\"https:\/\/www.lmp.legal\/\",\"logo\":{\"@type\":\"ImageObject\",\"inLanguage\":\"de\",\"@id\":\"https:\/\/www.lmp.legal\/#\/schema\/logo\/image\/\",\"url\":\"https:\/\/www.lmp.legal\/wp-content\/uploads\/2020\/08\/Original.png\",\"contentUrl\":\"https:\/\/www.lmp.legal\/wp-content\/uploads\/2020\/08\/Original.png\",\"width\":7500,\"height\":7500,\"caption\":\"LMP Rechtsanw\u00e4lte GmbH\"},\"image\":{\"@id\":\"https:\/\/www.lmp.legal\/#\/schema\/logo\/image\/\"}}]}<\/script>\n<!-- \/ Yoast SEO plugin. -->","yoast_head_json":{"title":"Mergers & Acquisitions - LMP Rechtsanw\u00e4lte GmbH","description":"Ihr Partner f\u00fcr alle Phasen von Transaktionsprozessen, inkl. Akquisitionen sowie Verk\u00e4ufen, Spaltungen, Fusionen, Restrukturierungen und Integration.","robots":{"index":"index","follow":"follow","max-snippet":"max-snippet:-1","max-image-preview":"max-image-preview:large","max-video-preview":"max-video-preview:-1"},"canonical":"https:\/\/www.lmp.legal\/index.php\/mergers-acquisitions\/","og_locale":"de_DE","og_type":"article","og_title":"Mergers & Acquisitions - LMP Rechtsanw\u00e4lte GmbH","og_description":"Ihr Partner f\u00fcr alle Phasen von Transaktionsprozessen, inkl. Akquisitionen sowie Verk\u00e4ufen, Spaltungen, Fusionen, Restrukturierungen und Integration.","og_url":"https:\/\/www.lmp.legal\/index.php\/mergers-acquisitions\/","og_site_name":"LMP Rechtsanw\u00e4lte GmbH","article_modified_time":"2020-08-21T12:53:23+00:00","twitter_card":"summary_large_image","twitter_misc":{"Gesch\u00e4tzte Lesezeit":"1\u00a0Minute"},"schema":{"@context":"https:\/\/schema.org","@graph":[{"@type":"WebPage","@id":"https:\/\/www.lmp.legal\/index.php\/mergers-acquisitions\/","url":"https:\/\/www.lmp.legal\/index.php\/mergers-acquisitions\/","name":"Mergers & Acquisitions - LMP Rechtsanw\u00e4lte GmbH","isPartOf":{"@id":"https:\/\/www.lmp.legal\/#website"},"datePublished":"2020-08-07T17:32:21+00:00","dateModified":"2020-08-21T12:53:23+00:00","description":"Ihr Partner f\u00fcr alle Phasen von Transaktionsprozessen, inkl. Akquisitionen sowie Verk\u00e4ufen, Spaltungen, Fusionen, Restrukturierungen und Integration.","breadcrumb":{"@id":"https:\/\/www.lmp.legal\/index.php\/mergers-acquisitions\/#breadcrumb"},"inLanguage":"de","potentialAction":[{"@type":"ReadAction","target":["https:\/\/www.lmp.legal\/index.php\/mergers-acquisitions\/"]}]},{"@type":"BreadcrumbList","@id":"https:\/\/www.lmp.legal\/index.php\/mergers-acquisitions\/#breadcrumb","itemListElement":[{"@type":"ListItem","position":1,"name":"Home","item":"https:\/\/www.lmp.legal\/"},{"@type":"ListItem","position":2,"name":"Mergers &#038; Acquisitions"}]},{"@type":"WebSite","@id":"https:\/\/www.lmp.legal\/#website","url":"https:\/\/www.lmp.legal\/","name":"LMP Rechtsanw\u00e4lte GmbH","description":"Ihre Boutiquekanzlei","publisher":{"@id":"https:\/\/www.lmp.legal\/#organization"},"potentialAction":[{"@type":"SearchAction","target":{"@type":"EntryPoint","urlTemplate":"https:\/\/www.lmp.legal\/?s={search_term_string}"},"query-input":{"@type":"PropertyValueSpecification","valueRequired":true,"valueName":"search_term_string"}}],"inLanguage":"de"},{"@type":"Organization","@id":"https:\/\/www.lmp.legal\/#organization","name":"LMP Rechtsanw\u00e4lte GmbH","url":"https:\/\/www.lmp.legal\/","logo":{"@type":"ImageObject","inLanguage":"de","@id":"https:\/\/www.lmp.legal\/#\/schema\/logo\/image\/","url":"https:\/\/www.lmp.legal\/wp-content\/uploads\/2020\/08\/Original.png","contentUrl":"https:\/\/www.lmp.legal\/wp-content\/uploads\/2020\/08\/Original.png","width":7500,"height":7500,"caption":"LMP Rechtsanw\u00e4lte GmbH"},"image":{"@id":"https:\/\/www.lmp.legal\/#\/schema\/logo\/image\/"}}]}},"jetpack_sharing_enabled":true,"_links":{"self":[{"href":"https:\/\/www.lmp.legal\/index.php\/wp-json\/wp\/v2\/pages\/280","targetHints":{"allow":["GET"]}}],"collection":[{"href":"https:\/\/www.lmp.legal\/index.php\/wp-json\/wp\/v2\/pages"}],"about":[{"href":"https:\/\/www.lmp.legal\/index.php\/wp-json\/wp\/v2\/types\/page"}],"author":[{"embeddable":true,"href":"https:\/\/www.lmp.legal\/index.php\/wp-json\/wp\/v2\/users\/2"}],"replies":[{"embeddable":true,"href":"https:\/\/www.lmp.legal\/index.php\/wp-json\/wp\/v2\/comments?post=280"}],"version-history":[{"count":0,"href":"https:\/\/www.lmp.legal\/index.php\/wp-json\/wp\/v2\/pages\/280\/revisions"}],"wp:attachment":[{"href":"https:\/\/www.lmp.legal\/index.php\/wp-json\/wp\/v2\/media?parent=280"}],"curies":[{"name":"wp","href":"https:\/\/api.w.org\/{rel}","templated":true}]}}