{"id":268,"date":"2020-08-07T19:14:43","date_gmt":"2020-08-07T17:14:43","guid":{"rendered":"http:\/\/34.65.254.237\/?page_id=268"},"modified":"2020-08-21T14:58:21","modified_gmt":"2020-08-21T12:58:21","slug":"schuldbetreibung-und-konkurs","status":"publish","type":"page","link":"https:\/\/www.lmp.legal\/index.php\/schuldbetreibung-und-konkurs\/","title":{"rendered":"Schuldbetreibung und Konkurs"},"content":{"rendered":"<div data-colibri-id=\"268-c1\" class=\"style-379 style-local-268-c1 position-relative\">\r\n  <!---->\r\n  <div data-colibri-component=\"section\" data-colibri-id=\"268-c6\" id=\"custom\" class=\"h-section h-section-global-spacing d-flex align-items-lg-center align-items-md-center align-items-center style-384 style-local-268-c6 position-relative\">\r\n    <!---->\r\n    <!---->\r\n    <div class=\"h-section-grid-container h-section-boxed-container\">\r\n      <!---->\r\n      <div data-colibri-id=\"268-c7\" class=\"h-row-container gutters-row-lg-2 gutters-row-md-2 gutters-row-0 gutters-row-v-lg-2 gutters-row-v-md-2 gutters-row-v-2 style-385 style-local-268-c7 position-relative\">\r\n        <!---->\r\n        <div class=\"h-row justify-content-lg-center justify-content-md-center justify-content-center align-items-lg-stretch align-items-md-stretch align-items-stretch gutters-col-lg-2 gutters-col-md-2 gutters-col-0 gutters-col-v-lg-2 gutters-col-v-md-2 gutters-col-v-2\">\r\n          <!---->\r\n          <div class=\"h-column h-column-container d-flex h-col-lg-auto h-col-md-auto h-col-auto style-386-outer style-local-268-c8-outer\">\r\n            <div data-colibri-id=\"268-c8\" class=\"d-flex h-flex-basis h-column__inner h-px-lg-2 h-px-md-2 h-px-2 v-inner-lg-2 v-inner-md-2 v-inner-2 style-386 style-local-268-c8 position-relative\">\r\n              <!---->\r\n              <!---->\r\n              <div class=\"w-100 h-y-container h-column__content h-column__v-align flex-basis-100 align-self-lg-start align-self-md-start align-self-start\">\r\n                <!---->\r\n                <div data-colibri-id=\"268-c9\" class=\"h-text h-text-component style-387 style-local-268-c9 position-relative h-element\">\r\n                  <!---->\r\n                  <!---->\r\n                  <div class=\"\">\r\n                    <p>Bei ausstehenden oder ungerechtfertigt gegen Sie erhobenen Forderungen stehen wir Ihnen in betreibungs- und konkursrechtlichen Angelegenheiten sowohl beratend als auch forensisch zur Seite.<\/p>\r\n                    <p>Die M\u00f6glichkeiten zur Eintreibung ausstehender Forderungen reichen von einer Betreibung \u00fcber die Rechts\u00f6ffnung bis hin zu Sicherungsmassnahmen wie dem Arrest (Beschlagnahme\/Sicherstellung von Verm\u00f6genswerten).<\/p>\r\n                    <p>Werden ungerechtfertigte Forderungen gegen Sie erhoben oder allenfalls bereits schuldbetreibungsrechtliche- oder konkursrechtliche Massnahmen ergriffen, stehen wir Ihnen f\u00fcr die Abwehr und zu Ihrem Rechtsschutz zur Seite.<\/p>\r\n                  <\/div>\r\n                <\/div>\r\n              <\/div>\r\n            <\/div>\r\n          <\/div>\r\n        <\/div>\r\n      <\/div>\r\n    <\/div>\r\n  <\/div>\r\n<\/div>","protected":false},"excerpt":{"rendered":"<p>Bei ausstehenden oder ungerechtfertigt gegen Sie erhobenen Forderungen stehen wir Ihnen in betreibungs- und konkursrechtlichen Angelegenheiten sowohl beratend als auch forensisch zur Seite. Die M\u00f6glichkeiten zur Eintreibung ausstehender Forderungen reichen von einer Betreibung \u00fcber die Rechts\u00f6ffnung bis hin zu Sicherungsmassnahmen wie dem Arrest (Beschlagnahme\/Sicherstellung von Verm\u00f6genswerten). Werden ungerechtfertigte Forderungen gegen Sie erhoben oder allenfalls bereits [&hellip;]<\/p>\n","protected":false},"author":2,"featured_media":0,"parent":0,"menu_order":0,"comment_status":"closed","ping_status":"closed","template":"page-templates\/full-width-page.php","meta":{"footnotes":""},"class_list":["post-268","page","type-page","status-publish","hentry"],"yoast_head":"<!-- This site is optimized with the Yoast SEO plugin v26.8 - https:\/\/yoast.com\/product\/yoast-seo-wordpress\/ -->\n<title>Schuldbetreibung und Konkurs - LMP Rechtsanw\u00e4lte GmbH<\/title>\n<meta name=\"description\" content=\"Ihr Partner bei ausstehenden oder ungerechtfertigt erhobenen Forderungen! Wir stehen Ihnen sowohl beratend als auch forensisch zur Seite.\" \/>\n<meta name=\"robots\" content=\"index, follow, max-snippet:-1, max-image-preview:large, max-video-preview:-1\" \/>\n<link rel=\"canonical\" href=\"https:\/\/www.lmp.legal\/index.php\/schuldbetreibung-und-konkurs\/\" \/>\n<meta property=\"og:locale\" content=\"de_DE\" \/>\n<meta property=\"og:type\" content=\"article\" \/>\n<meta property=\"og:title\" content=\"Schuldbetreibung und Konkurs - LMP Rechtsanw\u00e4lte GmbH\" \/>\n<meta property=\"og:description\" content=\"Ihr Partner bei ausstehenden oder ungerechtfertigt erhobenen Forderungen! Wir stehen Ihnen sowohl beratend als auch forensisch zur Seite.\" \/>\n<meta property=\"og:url\" content=\"https:\/\/www.lmp.legal\/index.php\/schuldbetreibung-und-konkurs\/\" \/>\n<meta property=\"og:site_name\" content=\"LMP Rechtsanw\u00e4lte GmbH\" \/>\n<meta property=\"article:modified_time\" content=\"2020-08-21T12:58:21+00:00\" \/>\n<meta name=\"twitter:card\" content=\"summary_large_image\" \/>\n<script type=\"application\/ld+json\" class=\"yoast-schema-graph\">{\"@context\":\"https:\/\/schema.org\",\"@graph\":[{\"@type\":\"WebPage\",\"@id\":\"https:\/\/www.lmp.legal\/index.php\/schuldbetreibung-und-konkurs\/\",\"url\":\"https:\/\/www.lmp.legal\/index.php\/schuldbetreibung-und-konkurs\/\",\"name\":\"Schuldbetreibung und Konkurs - LMP Rechtsanw\u00e4lte GmbH\",\"isPartOf\":{\"@id\":\"https:\/\/www.lmp.legal\/#website\"},\"datePublished\":\"2020-08-07T17:14:43+00:00\",\"dateModified\":\"2020-08-21T12:58:21+00:00\",\"description\":\"Ihr Partner bei ausstehenden oder ungerechtfertigt erhobenen Forderungen! Wir stehen Ihnen sowohl beratend als auch forensisch zur Seite.\",\"breadcrumb\":{\"@id\":\"https:\/\/www.lmp.legal\/index.php\/schuldbetreibung-und-konkurs\/#breadcrumb\"},\"inLanguage\":\"de\",\"potentialAction\":[{\"@type\":\"ReadAction\",\"target\":[\"https:\/\/www.lmp.legal\/index.php\/schuldbetreibung-und-konkurs\/\"]}]},{\"@type\":\"BreadcrumbList\",\"@id\":\"https:\/\/www.lmp.legal\/index.php\/schuldbetreibung-und-konkurs\/#breadcrumb\",\"itemListElement\":[{\"@type\":\"ListItem\",\"position\":1,\"name\":\"Home\",\"item\":\"https:\/\/www.lmp.legal\/\"},{\"@type\":\"ListItem\",\"position\":2,\"name\":\"Schuldbetreibung und Konkurs\"}]},{\"@type\":\"WebSite\",\"@id\":\"https:\/\/www.lmp.legal\/#website\",\"url\":\"https:\/\/www.lmp.legal\/\",\"name\":\"LMP Rechtsanw\u00e4lte GmbH\",\"description\":\"Ihre Boutiquekanzlei\",\"publisher\":{\"@id\":\"https:\/\/www.lmp.legal\/#organization\"},\"potentialAction\":[{\"@type\":\"SearchAction\",\"target\":{\"@type\":\"EntryPoint\",\"urlTemplate\":\"https:\/\/www.lmp.legal\/?s={search_term_string}\"},\"query-input\":{\"@type\":\"PropertyValueSpecification\",\"valueRequired\":true,\"valueName\":\"search_term_string\"}}],\"inLanguage\":\"de\"},{\"@type\":\"Organization\",\"@id\":\"https:\/\/www.lmp.legal\/#organization\",\"name\":\"LMP Rechtsanw\u00e4lte GmbH\",\"url\":\"https:\/\/www.lmp.legal\/\",\"logo\":{\"@type\":\"ImageObject\",\"inLanguage\":\"de\",\"@id\":\"https:\/\/www.lmp.legal\/#\/schema\/logo\/image\/\",\"url\":\"https:\/\/www.lmp.legal\/wp-content\/uploads\/2020\/08\/Original.png\",\"contentUrl\":\"https:\/\/www.lmp.legal\/wp-content\/uploads\/2020\/08\/Original.png\",\"width\":7500,\"height\":7500,\"caption\":\"LMP Rechtsanw\u00e4lte GmbH\"},\"image\":{\"@id\":\"https:\/\/www.lmp.legal\/#\/schema\/logo\/image\/\"}}]}<\/script>\n<!-- \/ Yoast SEO plugin. -->","yoast_head_json":{"title":"Schuldbetreibung und Konkurs - LMP Rechtsanw\u00e4lte GmbH","description":"Ihr Partner bei ausstehenden oder ungerechtfertigt erhobenen Forderungen! Wir stehen Ihnen sowohl beratend als auch forensisch zur Seite.","robots":{"index":"index","follow":"follow","max-snippet":"max-snippet:-1","max-image-preview":"max-image-preview:large","max-video-preview":"max-video-preview:-1"},"canonical":"https:\/\/www.lmp.legal\/index.php\/schuldbetreibung-und-konkurs\/","og_locale":"de_DE","og_type":"article","og_title":"Schuldbetreibung und Konkurs - LMP Rechtsanw\u00e4lte GmbH","og_description":"Ihr Partner bei ausstehenden oder ungerechtfertigt erhobenen Forderungen! Wir stehen Ihnen sowohl beratend als auch forensisch zur Seite.","og_url":"https:\/\/www.lmp.legal\/index.php\/schuldbetreibung-und-konkurs\/","og_site_name":"LMP Rechtsanw\u00e4lte GmbH","article_modified_time":"2020-08-21T12:58:21+00:00","twitter_card":"summary_large_image","schema":{"@context":"https:\/\/schema.org","@graph":[{"@type":"WebPage","@id":"https:\/\/www.lmp.legal\/index.php\/schuldbetreibung-und-konkurs\/","url":"https:\/\/www.lmp.legal\/index.php\/schuldbetreibung-und-konkurs\/","name":"Schuldbetreibung und Konkurs - LMP Rechtsanw\u00e4lte GmbH","isPartOf":{"@id":"https:\/\/www.lmp.legal\/#website"},"datePublished":"2020-08-07T17:14:43+00:00","dateModified":"2020-08-21T12:58:21+00:00","description":"Ihr Partner bei ausstehenden oder ungerechtfertigt erhobenen Forderungen! Wir stehen Ihnen sowohl beratend als auch forensisch zur Seite.","breadcrumb":{"@id":"https:\/\/www.lmp.legal\/index.php\/schuldbetreibung-und-konkurs\/#breadcrumb"},"inLanguage":"de","potentialAction":[{"@type":"ReadAction","target":["https:\/\/www.lmp.legal\/index.php\/schuldbetreibung-und-konkurs\/"]}]},{"@type":"BreadcrumbList","@id":"https:\/\/www.lmp.legal\/index.php\/schuldbetreibung-und-konkurs\/#breadcrumb","itemListElement":[{"@type":"ListItem","position":1,"name":"Home","item":"https:\/\/www.lmp.legal\/"},{"@type":"ListItem","position":2,"name":"Schuldbetreibung und Konkurs"}]},{"@type":"WebSite","@id":"https:\/\/www.lmp.legal\/#website","url":"https:\/\/www.lmp.legal\/","name":"LMP Rechtsanw\u00e4lte GmbH","description":"Ihre Boutiquekanzlei","publisher":{"@id":"https:\/\/www.lmp.legal\/#organization"},"potentialAction":[{"@type":"SearchAction","target":{"@type":"EntryPoint","urlTemplate":"https:\/\/www.lmp.legal\/?s={search_term_string}"},"query-input":{"@type":"PropertyValueSpecification","valueRequired":true,"valueName":"search_term_string"}}],"inLanguage":"de"},{"@type":"Organization","@id":"https:\/\/www.lmp.legal\/#organization","name":"LMP Rechtsanw\u00e4lte GmbH","url":"https:\/\/www.lmp.legal\/","logo":{"@type":"ImageObject","inLanguage":"de","@id":"https:\/\/www.lmp.legal\/#\/schema\/logo\/image\/","url":"https:\/\/www.lmp.legal\/wp-content\/uploads\/2020\/08\/Original.png","contentUrl":"https:\/\/www.lmp.legal\/wp-content\/uploads\/2020\/08\/Original.png","width":7500,"height":7500,"caption":"LMP Rechtsanw\u00e4lte GmbH"},"image":{"@id":"https:\/\/www.lmp.legal\/#\/schema\/logo\/image\/"}}]}},"jetpack_sharing_enabled":true,"_links":{"self":[{"href":"https:\/\/www.lmp.legal\/index.php\/wp-json\/wp\/v2\/pages\/268","targetHints":{"allow":["GET"]}}],"collection":[{"href":"https:\/\/www.lmp.legal\/index.php\/wp-json\/wp\/v2\/pages"}],"about":[{"href":"https:\/\/www.lmp.legal\/index.php\/wp-json\/wp\/v2\/types\/page"}],"author":[{"embeddable":true,"href":"https:\/\/www.lmp.legal\/index.php\/wp-json\/wp\/v2\/users\/2"}],"replies":[{"embeddable":true,"href":"https:\/\/www.lmp.legal\/index.php\/wp-json\/wp\/v2\/comments?post=268"}],"version-history":[{"count":0,"href":"https:\/\/www.lmp.legal\/index.php\/wp-json\/wp\/v2\/pages\/268\/revisions"}],"wp:attachment":[{"href":"https:\/\/www.lmp.legal\/index.php\/wp-json\/wp\/v2\/media?parent=268"}],"curies":[{"name":"wp","href":"https:\/\/api.w.org\/{rel}","templated":true}]}}