{"id":258,"date":"2020-08-07T18:42:35","date_gmt":"2020-08-07T16:42:35","guid":{"rendered":"http:\/\/34.65.254.237\/?page_id=258"},"modified":"2025-05-03T15:20:19","modified_gmt":"2025-05-03T13:20:19","slug":"strafrecht","status":"publish","type":"page","link":"https:\/\/www.lmp.legal\/index.php\/strafrecht\/","title":{"rendered":"Strafrecht"},"content":{"rendered":"<div data-colibri-id=\"258-c1\" class=\"style-556 style-local-258-c1 position-relative\">\n  <!---->\n  <div data-colibri-component=\"section\" data-colibri-id=\"258-c2\" id=\"custom\" class=\"h-section h-section-global-spacing d-flex align-items-lg-center align-items-md-center align-items-center style-557 style-local-258-c2 position-relative\">\n    <!---->\n    <!---->\n    <div class=\"h-section-grid-container h-section-boxed-container\">\n      <!---->\n      <div data-colibri-id=\"258-c3\" class=\"h-row-container gutters-row-lg-2 gutters-row-md-2 gutters-row-0 gutters-row-v-lg-2 gutters-row-v-md-2 gutters-row-v-2 style-558 style-local-258-c3 position-relative\">\n        <!---->\n        <div class=\"h-row justify-content-lg-center justify-content-md-center justify-content-center align-items-lg-stretch align-items-md-stretch align-items-stretch gutters-col-lg-2 gutters-col-md-2 gutters-col-0 gutters-col-v-lg-2 gutters-col-v-md-2 gutters-col-v-2\">\n          <!---->\n          <div class=\"h-column h-column-container d-flex h-col-lg-auto h-col-md-auto h-col-auto style-559-outer style-local-258-c4-outer\">\n            <div data-colibri-id=\"258-c4\" class=\"d-flex h-flex-basis h-column__inner h-px-lg-2 h-px-md-2 h-px-2 v-inner-lg-2 v-inner-md-2 v-inner-2 style-559 style-local-258-c4 position-relative\">\n              <!---->\n              <!---->\n              <div class=\"w-100 h-y-container h-column__content h-column__v-align flex-basis-100 align-self-lg-start align-self-md-start align-self-start\">\n                <!---->\n                <div data-colibri-id=\"258-c5\" class=\"h-text h-text-component style-566 style-local-258-c5 position-relative h-element\">\n                  <!---->\n                  <!---->\n                  <div class=\"\">\n                    <p>LMP Rechtsanw\u00e4lte bietet Ihnen Strafverteidigung und Gesch\u00e4digtenvertretung in allen Bereichen des Strafrechts (inkl.\n                      <a href=\"https:\/\/www.lmp.legal\/index.php\/steuerstrafrecht\">Steuerstraf-<\/a>, Bet\u00e4ubungsmittelstraf-, Verwaltungsstrafrecht etc.) sowie Vertretung und Beratung in Fragen des Straf- sowie Massnahmenvollzugs.<\/p>\n                    <p>Die Strafprozessordnung erlaubt einer beschuldigten Person, die Aussage zu verweigern und umgehend einen Anwalt beizuziehen.&nbsp;Ferner besteht der Anspruch, jederzeit mit dem Strafverteidiger im Vertrauen zu sprechen und sich mit\n                      ihm \u00fcber alle Aspekte der Verteidigungsstrategie auszutauschen. Im Verhaftungsfalle empfiehlt es sich, vorab vom Aussageverweigerungsrecht Gebrauch zu machen, um den Handlungsspielraum nicht durch unbedachte Aussagen einzuschr\u00e4nken.\n                      Infolge umfassender Akteneinsicht und der M\u00f6glichkeit der Beiwohnung s\u00e4mtlicher Einvernahmen des Anwaltes kann dieser sicherstellen, dass zwischen Strafverfolgungsbeh\u00f6rde und beschuldigter Person juristische Waffengleichheit besteht.\n                      Bei gewissen Straftatbest\u00e4nden besteht gar die Pflicht anwaltlicher Vertretung im Strafverfahren. Unter gewissen Bedingungen steht der beschuldigten Person das Recht der Beiordnung einer amtlichen Vertretung zu.<\/p>\n                    <p>Infolge der Komplexit\u00e4t des Strafprozessrechtes empfiehlt sich der fr\u00fchzeitige Beizug eines Strafverteidigers. Insbesondere kann eine Verurteilung auch im Strafbefehlsverfahren registertechnische Folgen haben und ein belasteter Leumund\n                      bereits zu einer signifikanten Strafversch\u00e4rfung f\u00fchren. Insbesondere bei Strassenverkehrsdelikten kann bereits eine \u00dcbertretung ohne Bussenfolge zu einem F\u00fchrerausweisentzug f\u00fchren. Ferner ist insbesondere im&nbsp;\n                      <a href=\"https:\/\/www.lmp.legal\/index.php\/steuerstrafrecht\">Steuerstrafrecht<\/a>&nbsp;bereits bei geringen Verfehlungen mit empfindlichen Strafen zu rechnen.<\/p>\n                    <p>Ausser dem Strafgesetzbuch und Strassenverkehrsgesetz sind in der Praxis insbesondere die Strafbestimmungen der Steuergesetzgebung, des Bet\u00e4ubungsmittelgesetzes, Ausl\u00e4nder- und Integrationsgesetzes sowie dem Gesetz \u00fcber den unlauteren\n                      Wettbewerb praxisrelevant.<\/p>\n                  <\/div>\n                <\/div>\n              <\/div>\n            <\/div>\n          <\/div>\n        <\/div>\n      <\/div>\n    <\/div>\n  <\/div>\n  <div data-colibri-component=\"section\" data-colibri-id=\"258-c6\" id=\"custom-2\" class=\"h-section h-section-global-spacing d-flex align-items-lg-center align-items-md-center align-items-center style-560 style-local-258-c6 position-relative\">\n    <!---->\n    <!---->\n    <div class=\"h-section-grid-container h-section-boxed-container\">\n      <!---->\n      <div data-colibri-id=\"258-c7\" class=\"h-row-container gutters-row-lg-2 gutters-row-md-2 gutters-row-0 gutters-row-v-lg-2 gutters-row-v-md-2 gutters-row-v-2 style-561 style-local-258-c7 position-relative\">\n        <!---->\n        <div class=\"h-row justify-content-lg-center justify-content-md-center justify-content-center align-items-lg-stretch align-items-md-stretch align-items-stretch gutters-col-lg-2 gutters-col-md-2 gutters-col-0 gutters-col-v-lg-2 gutters-col-v-md-2 gutters-col-v-2\">\n          <!---->\n          <div class=\"h-column h-column-container d-flex h-col-lg-auto h-col-md-auto h-col-auto style-562-outer style-local-258-c8-outer\">\n            <div data-colibri-id=\"258-c8\" class=\"d-flex h-flex-basis h-column__inner h-px-lg-2 h-px-md-2 h-px-2 v-inner-lg-2 v-inner-md-2 v-inner-2 style-562 style-local-258-c8 position-relative\">\n              <!---->\n              <!---->\n              <div class=\"w-100 h-y-container h-column__content h-column__v-align flex-basis-100 align-self-lg-start align-self-md-start align-self-start\">\n                <!---->\n                <div data-colibri-id=\"258-c9\" class=\"h-text h-text-component style-564 style-local-258-c9 position-relative h-element\">\n                  <!---->\n                  <!---->\n                  <div class=\"\">\n                    <h4><strong>\ufeff<\/strong><span style=\"color: rgb(70, 112, 127); font-family: &quot;Open Sans&quot;; font-size: 16px;\">Unentgeltliche Rechtspflege und Rechtsbeistand<\/span><\/h4>\n                    <p>Damit jede Person ihre Rechte selbst ohne gen\u00fcgende finanzielle Mittel durchsetzen kann, sieht Art. 29 Abs. 3 der Schweizerischen Bundesverfassung einen bedingten Anspruch auf unentgeltliche Rechtspflege sowie einen unentgeltlichen\n                      Rechtsbeistand vor. Dies wird in den anwendbaren Prozessgesetzen konkretisiert (Art. 130 ff. und Art. 136 ff. der Schweizerischen Strafprozessordnung f\u00fcr die amtliche Verteidigung der beschuldigten Person bzw. die unentgeltliche\n                      Rechtsvertretung der Privatkl\u00e4gerschaft im Strafprozess). Ferner sieht die Schweizerische Strafprozessordnung in gewissen F\u00e4llen eine obligatorische Verteidigung durch einen Anwalt vor.<\/p>\n                    <p>Im Bedarfsfalle pr\u00fcfen wir gemeinsam mit Ihnen, ob Sie Anspruch auf die unentgeltliche Rechtspflege oder amtliche Verteidigung\/Verbeist\u00e4ndung haben und stellen gegebenenfalls ein entsprechendes Gesuch.<\/p>\n                  <\/div>\n                <\/div>\n              <\/div>\n            <\/div>\n          <\/div>\n          <div class=\"h-column h-column-container d-flex h-col-lg-auto h-col-md-auto h-col-auto style-563-outer style-local-258-c10-outer\">\n            <div data-colibri-id=\"258-c10\" class=\"d-flex h-flex-basis h-column__inner h-px-lg-2 h-px-md-2 h-px-2 v-inner-lg-2 v-inner-md-2 v-inner-2 style-563 style-local-258-c10 position-relative\">\n              <!---->\n              <!---->\n              <div class=\"w-100 h-y-container h-column__content h-column__v-align flex-basis-100 align-self-lg-start align-self-md-start align-self-start\">\n                <!---->\n                <div data-colibri-id=\"258-c11\" class=\"h-text h-text-component style-565 style-local-258-c11 position-relative h-element\">\n                  <!---->\n                  <!---->\n                  <div class=\"\">\n                    <h4><span style=\"font-family: &quot;Open Sans&quot;; font-size: 16px; color: rgb(70, 112, 127);\">Notfall<\/span><\/h4>\n                    <p>Werden Sie beschuldigt? Wurden Sie von den Strafverfolgungsbeh\u00f6rden vorgeladen oder gar verhaftet? Wir stehen Ihnen in dringenden F\u00e4llen\n                      <u>24\/7<\/u> und\n                      <u>365<\/u> Tage im Jahr unterst\u00fctzend zur Seite. Ausserhalb der B\u00fcro\u00f6ffnungszeiten sind wir jederzeit unter +41&nbsp;erreichbar. Im Verhinderungsfalle bitten wir um eine Sprachnachricht mit Angabe Ihrer aktuellen Kontaktdaten. Wir stehen\n                      Ihnen schnellstm\u00f6glich zur Seite.<\/p>\n                  <\/div>\n                <\/div>\n              <\/div>\n            <\/div>\n          <\/div>\n        <\/div>\n      <\/div>\n    <\/div>\n  <\/div>\n<\/div>","protected":false},"excerpt":{"rendered":"<p>LMP Rechtsanw\u00e4lte bietet Ihnen Strafverteidigung und Gesch\u00e4digtenvertretung in allen Bereichen des Strafrechts (inkl. Steuerstraf-, Bet\u00e4ubungsmittelstraf-, Verwaltungsstrafrecht etc.) sowie Vertretung und Beratung in Fragen des Straf- sowie Massnahmenvollzugs. Die Strafprozessordnung erlaubt einer beschuldigten Person, die Aussage zu verweigern und umgehend einen Anwalt beizuziehen.&nbsp;Ferner besteht der Anspruch, jederzeit mit dem Strafverteidiger im Vertrauen zu sprechen und sich [&hellip;]<\/p>\n","protected":false},"author":2,"featured_media":0,"parent":0,"menu_order":0,"comment_status":"closed","ping_status":"closed","template":"page-templates\/full-width-page.php","meta":{"footnotes":""},"class_list":["post-258","page","type-page","status-publish","hentry"],"yoast_head":"<!-- This site is optimized with the Yoast SEO plugin v26.8 - https:\/\/yoast.com\/product\/yoast-seo-wordpress\/ -->\n<title>Strafrecht - LMP Rechtsanw\u00e4lte GmbH<\/title>\n<meta name=\"description\" content=\"Wir bieten Strafverteidigung und Gesch\u00e4digtenvertretung im Haupt- und Nebenstrafrecht. Notfall? Kontaktieren Sie uns umgehend!\" \/>\n<meta name=\"robots\" content=\"index, follow, max-snippet:-1, max-image-preview:large, max-video-preview:-1\" \/>\n<link rel=\"canonical\" href=\"https:\/\/www.lmp.legal\/index.php\/strafrecht\/\" \/>\n<meta property=\"og:locale\" content=\"de_DE\" \/>\n<meta property=\"og:type\" content=\"article\" \/>\n<meta property=\"og:title\" content=\"Strafrecht - LMP Rechtsanw\u00e4lte GmbH\" \/>\n<meta property=\"og:description\" content=\"Wir bieten Strafverteidigung und Gesch\u00e4digtenvertretung im Haupt- und Nebenstrafrecht. Notfall? Kontaktieren Sie uns umgehend!\" \/>\n<meta property=\"og:url\" content=\"https:\/\/www.lmp.legal\/index.php\/strafrecht\/\" \/>\n<meta property=\"og:site_name\" content=\"LMP Rechtsanw\u00e4lte GmbH\" \/>\n<meta property=\"article:modified_time\" content=\"2025-05-03T13:20:19+00:00\" \/>\n<meta name=\"twitter:card\" content=\"summary_large_image\" \/>\n<meta name=\"twitter:label1\" content=\"Gesch\u00e4tzte Lesezeit\" \/>\n\t<meta name=\"twitter:data1\" content=\"3\u00a0Minuten\" \/>\n<script type=\"application\/ld+json\" class=\"yoast-schema-graph\">{\"@context\":\"https:\/\/schema.org\",\"@graph\":[{\"@type\":\"WebPage\",\"@id\":\"https:\/\/www.lmp.legal\/index.php\/strafrecht\/\",\"url\":\"https:\/\/www.lmp.legal\/index.php\/strafrecht\/\",\"name\":\"Strafrecht - LMP Rechtsanw\u00e4lte GmbH\",\"isPartOf\":{\"@id\":\"https:\/\/www.lmp.legal\/#website\"},\"datePublished\":\"2020-08-07T16:42:35+00:00\",\"dateModified\":\"2025-05-03T13:20:19+00:00\",\"description\":\"Wir bieten Strafverteidigung und Gesch\u00e4digtenvertretung im Haupt- und Nebenstrafrecht. Notfall? Kontaktieren Sie uns umgehend!\",\"breadcrumb\":{\"@id\":\"https:\/\/www.lmp.legal\/index.php\/strafrecht\/#breadcrumb\"},\"inLanguage\":\"de\",\"potentialAction\":[{\"@type\":\"ReadAction\",\"target\":[\"https:\/\/www.lmp.legal\/index.php\/strafrecht\/\"]}]},{\"@type\":\"BreadcrumbList\",\"@id\":\"https:\/\/www.lmp.legal\/index.php\/strafrecht\/#breadcrumb\",\"itemListElement\":[{\"@type\":\"ListItem\",\"position\":1,\"name\":\"Home\",\"item\":\"https:\/\/www.lmp.legal\/\"},{\"@type\":\"ListItem\",\"position\":2,\"name\":\"Strafrecht\"}]},{\"@type\":\"WebSite\",\"@id\":\"https:\/\/www.lmp.legal\/#website\",\"url\":\"https:\/\/www.lmp.legal\/\",\"name\":\"LMP Rechtsanw\u00e4lte GmbH\",\"description\":\"Ihre Boutiquekanzlei\",\"publisher\":{\"@id\":\"https:\/\/www.lmp.legal\/#organization\"},\"potentialAction\":[{\"@type\":\"SearchAction\",\"target\":{\"@type\":\"EntryPoint\",\"urlTemplate\":\"https:\/\/www.lmp.legal\/?s={search_term_string}\"},\"query-input\":{\"@type\":\"PropertyValueSpecification\",\"valueRequired\":true,\"valueName\":\"search_term_string\"}}],\"inLanguage\":\"de\"},{\"@type\":\"Organization\",\"@id\":\"https:\/\/www.lmp.legal\/#organization\",\"name\":\"LMP Rechtsanw\u00e4lte GmbH\",\"url\":\"https:\/\/www.lmp.legal\/\",\"logo\":{\"@type\":\"ImageObject\",\"inLanguage\":\"de\",\"@id\":\"https:\/\/www.lmp.legal\/#\/schema\/logo\/image\/\",\"url\":\"https:\/\/www.lmp.legal\/wp-content\/uploads\/2020\/08\/Original.png\",\"contentUrl\":\"https:\/\/www.lmp.legal\/wp-content\/uploads\/2020\/08\/Original.png\",\"width\":7500,\"height\":7500,\"caption\":\"LMP Rechtsanw\u00e4lte GmbH\"},\"image\":{\"@id\":\"https:\/\/www.lmp.legal\/#\/schema\/logo\/image\/\"}}]}<\/script>\n<!-- \/ Yoast SEO plugin. -->","yoast_head_json":{"title":"Strafrecht - LMP Rechtsanw\u00e4lte GmbH","description":"Wir bieten Strafverteidigung und Gesch\u00e4digtenvertretung im Haupt- und Nebenstrafrecht. Notfall? Kontaktieren Sie uns umgehend!","robots":{"index":"index","follow":"follow","max-snippet":"max-snippet:-1","max-image-preview":"max-image-preview:large","max-video-preview":"max-video-preview:-1"},"canonical":"https:\/\/www.lmp.legal\/index.php\/strafrecht\/","og_locale":"de_DE","og_type":"article","og_title":"Strafrecht - LMP Rechtsanw\u00e4lte GmbH","og_description":"Wir bieten Strafverteidigung und Gesch\u00e4digtenvertretung im Haupt- und Nebenstrafrecht. Notfall? Kontaktieren Sie uns umgehend!","og_url":"https:\/\/www.lmp.legal\/index.php\/strafrecht\/","og_site_name":"LMP Rechtsanw\u00e4lte GmbH","article_modified_time":"2025-05-03T13:20:19+00:00","twitter_card":"summary_large_image","twitter_misc":{"Gesch\u00e4tzte Lesezeit":"3\u00a0Minuten"},"schema":{"@context":"https:\/\/schema.org","@graph":[{"@type":"WebPage","@id":"https:\/\/www.lmp.legal\/index.php\/strafrecht\/","url":"https:\/\/www.lmp.legal\/index.php\/strafrecht\/","name":"Strafrecht - LMP Rechtsanw\u00e4lte GmbH","isPartOf":{"@id":"https:\/\/www.lmp.legal\/#website"},"datePublished":"2020-08-07T16:42:35+00:00","dateModified":"2025-05-03T13:20:19+00:00","description":"Wir bieten Strafverteidigung und Gesch\u00e4digtenvertretung im Haupt- und Nebenstrafrecht. Notfall? Kontaktieren Sie uns umgehend!","breadcrumb":{"@id":"https:\/\/www.lmp.legal\/index.php\/strafrecht\/#breadcrumb"},"inLanguage":"de","potentialAction":[{"@type":"ReadAction","target":["https:\/\/www.lmp.legal\/index.php\/strafrecht\/"]}]},{"@type":"BreadcrumbList","@id":"https:\/\/www.lmp.legal\/index.php\/strafrecht\/#breadcrumb","itemListElement":[{"@type":"ListItem","position":1,"name":"Home","item":"https:\/\/www.lmp.legal\/"},{"@type":"ListItem","position":2,"name":"Strafrecht"}]},{"@type":"WebSite","@id":"https:\/\/www.lmp.legal\/#website","url":"https:\/\/www.lmp.legal\/","name":"LMP Rechtsanw\u00e4lte GmbH","description":"Ihre Boutiquekanzlei","publisher":{"@id":"https:\/\/www.lmp.legal\/#organization"},"potentialAction":[{"@type":"SearchAction","target":{"@type":"EntryPoint","urlTemplate":"https:\/\/www.lmp.legal\/?s={search_term_string}"},"query-input":{"@type":"PropertyValueSpecification","valueRequired":true,"valueName":"search_term_string"}}],"inLanguage":"de"},{"@type":"Organization","@id":"https:\/\/www.lmp.legal\/#organization","name":"LMP Rechtsanw\u00e4lte GmbH","url":"https:\/\/www.lmp.legal\/","logo":{"@type":"ImageObject","inLanguage":"de","@id":"https:\/\/www.lmp.legal\/#\/schema\/logo\/image\/","url":"https:\/\/www.lmp.legal\/wp-content\/uploads\/2020\/08\/Original.png","contentUrl":"https:\/\/www.lmp.legal\/wp-content\/uploads\/2020\/08\/Original.png","width":7500,"height":7500,"caption":"LMP Rechtsanw\u00e4lte GmbH"},"image":{"@id":"https:\/\/www.lmp.legal\/#\/schema\/logo\/image\/"}}]}},"jetpack_sharing_enabled":true,"_links":{"self":[{"href":"https:\/\/www.lmp.legal\/index.php\/wp-json\/wp\/v2\/pages\/258","targetHints":{"allow":["GET"]}}],"collection":[{"href":"https:\/\/www.lmp.legal\/index.php\/wp-json\/wp\/v2\/pages"}],"about":[{"href":"https:\/\/www.lmp.legal\/index.php\/wp-json\/wp\/v2\/types\/page"}],"author":[{"embeddable":true,"href":"https:\/\/www.lmp.legal\/index.php\/wp-json\/wp\/v2\/users\/2"}],"replies":[{"embeddable":true,"href":"https:\/\/www.lmp.legal\/index.php\/wp-json\/wp\/v2\/comments?post=258"}],"version-history":[{"count":2,"href":"https:\/\/www.lmp.legal\/index.php\/wp-json\/wp\/v2\/pages\/258\/revisions"}],"predecessor-version":[{"id":2966,"href":"https:\/\/www.lmp.legal\/index.php\/wp-json\/wp\/v2\/pages\/258\/revisions\/2966"}],"wp:attachment":[{"href":"https:\/\/www.lmp.legal\/index.php\/wp-json\/wp\/v2\/media?parent=258"}],"curies":[{"name":"wp","href":"https:\/\/api.w.org\/{rel}","templated":true}]}}