{"id":10,"date":"2020-08-05T13:48:25","date_gmt":"2020-08-05T11:48:25","guid":{"rendered":"http:\/\/34.65.254.237\/index.php\/colibri-wp\/"},"modified":"2021-08-21T22:48:00","modified_gmt":"2021-08-21T20:48:00","slug":"ihre-boutique","status":"publish","type":"page","link":"https:\/\/www.lmp.legal\/","title":{"rendered":"Ihre Boutique"},"content":{"rendered":"<div data-colibri-id=\"10-c1\" class=\"style-336 style-local-10-c1 position-relative\">\r\n  <!---->\r\n  <div data-colibri-component=\"section\" data-colibri-id=\"10-c2\" id=\"custom\" class=\"h-section h-section-global-spacing d-flex align-items-lg-end align-items-md-end align-items-end style-337 style-local-10-c2 position-relative\">\r\n    <!---->\r\n    <!---->\r\n    <div class=\"h-section-grid-container h-section-boxed-container\">\r\n      <!---->\r\n      <div data-colibri-id=\"10-c3\" class=\"h-row-container gutters-row-lg-2 gutters-row-md-2 gutters-row-0 gutters-row-v-lg-2 gutters-row-v-md-2 gutters-row-v-2 style-338 style-local-10-c3 position-relative\">\r\n        <!---->\r\n        <div class=\"h-row justify-content-lg-center justify-content-md-center justify-content-center align-items-lg-stretch align-items-md-stretch align-items-stretch gutters-col-lg-2 gutters-col-md-2 gutters-col-0 gutters-col-v-lg-2 gutters-col-v-md-2 gutters-col-v-2\">\r\n          <!---->\r\n          <div class=\"h-column h-column-container d-flex h-col-lg-auto h-col-md-auto h-col-auto style-339-outer style-local-10-c4-outer\">\r\n            <div data-colibri-id=\"10-c4\" class=\"d-flex h-flex-basis h-column__inner h-px-lg-2 h-px-md-2 h-px-2 v-inner-lg-2 v-inner-md-2 v-inner-2 style-339 style-local-10-c4 position-relative\">\r\n              <!---->\r\n              <!---->\r\n              <div class=\"w-100 h-y-container h-column__content h-column__v-align flex-basis-100 align-self-lg-center align-self-md-center align-self-center\">\r\n                <!---->\r\n                <div data-colibri-id=\"10-c5\" class=\"h-text h-text-component style-340 style-local-10-c5 position-relative h-element\">\r\n                  <!---->\r\n                  <!---->\r\n                  <div class=\"\">\r\n                    <p>LMP Rechtsanw\u00e4lte ist Ihr effizienter und effektiver Partner in der Rechtsberatung mit \u00f6konomischem Verst\u00e4ndnis. Unsere Dienstleistungen umfassen die Beratung, Prozessf\u00fchrung sowie Prozessbegleitung. Wir sind eine allgemeinpraktizierende\r\n                      Boutiquekanzlei mit Spezialisierung im\r\n                      <a href=\"https:\/\/www.lmp.legal\/index.php\/steuerrecht\">Steuerrecht<\/a>, allgemeinen&nbsp;\r\n                      <a href=\"https:\/\/www.lmp.legal\/index.php\/privatrecht\">Privatrecht<\/a> und\r\n                      <a href=\"https:\/\/www.lmp.legal\/index.php\/wirtschaftsrecht\">Wirtschaftsrecht<\/a>.<\/p>\r\n                    <p>Fachkompetenz, pers\u00f6nliche Betreuung, Flexibilit\u00e4t und Diskretion geh\u00f6ren zu den Grundwerten unserer Kanzlei. Dank effizienter Struktur kombiniert mit neuer Technologie k\u00f6nnen wir Herausforderungen mit juristischer sowie \u00f6konomischer\r\n                      Kompetenz effizient analysieren, auswerten und eine optimale, individualisierte L\u00f6sung f\u00fcr Sie erarbeiten.<\/p>\r\n                    <p>Individuelle sowie effiziente L\u00f6sungsfindung ist Ihr Anspruch und unser Ziel.<\/p>\r\n                  <\/div>\r\n                <\/div>\r\n              <\/div>\r\n            <\/div>\r\n          <\/div>\r\n        <\/div>\r\n      <\/div>\r\n    <\/div>\r\n  <\/div>\r\n<\/div>","protected":false},"excerpt":{"rendered":"<p>LMP Rechtsanw\u00e4lte ist Ihr effizienter und effektiver Partner in der Rechtsberatung mit \u00f6konomischem Verst\u00e4ndnis. Unsere Dienstleistungen umfassen die Beratung, Prozessf\u00fchrung sowie Prozessbegleitung. Wir sind eine allgemeinpraktizierende Boutiquekanzlei mit Spezialisierung im Steuerrecht, allgemeinen&nbsp; Privatrecht und Wirtschaftsrecht. Fachkompetenz, pers\u00f6nliche Betreuung, Flexibilit\u00e4t und Diskretion geh\u00f6ren zu den Grundwerten unserer Kanzlei. Dank effizienter Struktur kombiniert mit neuer Technologie k\u00f6nnen [&hellip;]<\/p>\n","protected":false},"author":2,"featured_media":0,"parent":0,"menu_order":0,"comment_status":"closed","ping_status":"closed","template":"page-templates\/homepage.php","meta":{"footnotes":""},"class_list":["post-10","page","type-page","status-publish","hentry"],"yoast_head":"<!-- This site is optimized with the Yoast SEO plugin v26.8 - https:\/\/yoast.com\/product\/yoast-seo-wordpress\/ -->\n<title>Ihre Boutique - LMP Rechtsanw\u00e4lte GmbH<\/title>\n<meta name=\"description\" content=\"Effizienter und effektiver Partner in der Rechtsberatung mit \u00f6konomischem Verst\u00e4ndnis. Ihre allgemeinpraktizierende Boutiquekanzlei.\" \/>\n<meta name=\"robots\" content=\"index, follow, max-snippet:-1, max-image-preview:large, max-video-preview:-1\" \/>\n<link rel=\"canonical\" href=\"https:\/\/www.lmp.legal\/\" \/>\n<meta property=\"og:locale\" content=\"de_DE\" \/>\n<meta property=\"og:type\" content=\"article\" \/>\n<meta property=\"og:title\" content=\"Ihre Boutique - LMP Rechtsanw\u00e4lte GmbH\" \/>\n<meta property=\"og:description\" content=\"Effizienter und effektiver Partner in der Rechtsberatung mit \u00f6konomischem Verst\u00e4ndnis. Ihre allgemeinpraktizierende Boutiquekanzlei.\" \/>\n<meta property=\"og:url\" content=\"https:\/\/www.lmp.legal\/\" \/>\n<meta property=\"og:site_name\" content=\"LMP Rechtsanw\u00e4lte GmbH\" \/>\n<meta property=\"article:modified_time\" content=\"2021-08-21T20:48:00+00:00\" \/>\n<meta name=\"twitter:card\" content=\"summary_large_image\" \/>\n<script type=\"application\/ld+json\" class=\"yoast-schema-graph\">{\"@context\":\"https:\/\/schema.org\",\"@graph\":[{\"@type\":\"WebPage\",\"@id\":\"https:\/\/www.lmp.legal\/\",\"url\":\"https:\/\/www.lmp.legal\/\",\"name\":\"Ihre Boutique - LMP Rechtsanw\u00e4lte GmbH\",\"isPartOf\":{\"@id\":\"https:\/\/www.lmp.legal\/#website\"},\"datePublished\":\"2020-08-05T11:48:25+00:00\",\"dateModified\":\"2021-08-21T20:48:00+00:00\",\"description\":\"Effizienter und effektiver Partner in der Rechtsberatung mit \u00f6konomischem Verst\u00e4ndnis. Ihre allgemeinpraktizierende Boutiquekanzlei.\",\"breadcrumb\":{\"@id\":\"https:\/\/www.lmp.legal\/#breadcrumb\"},\"inLanguage\":\"de\",\"potentialAction\":[{\"@type\":\"ReadAction\",\"target\":[\"https:\/\/www.lmp.legal\/\"]}]},{\"@type\":\"BreadcrumbList\",\"@id\":\"https:\/\/www.lmp.legal\/#breadcrumb\",\"itemListElement\":[{\"@type\":\"ListItem\",\"position\":1,\"name\":\"Home\",\"item\":\"https:\/\/www.lmp.legal\/\"},{\"@type\":\"ListItem\",\"position\":2,\"name\":\"Ihre Boutique\"}]},{\"@type\":\"WebSite\",\"@id\":\"https:\/\/www.lmp.legal\/#website\",\"url\":\"https:\/\/www.lmp.legal\/\",\"name\":\"LMP Rechtsanw\u00e4lte GmbH\",\"description\":\"Ihre Boutiquekanzlei\",\"publisher\":{\"@id\":\"https:\/\/www.lmp.legal\/#organization\"},\"potentialAction\":[{\"@type\":\"SearchAction\",\"target\":{\"@type\":\"EntryPoint\",\"urlTemplate\":\"https:\/\/www.lmp.legal\/?s={search_term_string}\"},\"query-input\":{\"@type\":\"PropertyValueSpecification\",\"valueRequired\":true,\"valueName\":\"search_term_string\"}}],\"inLanguage\":\"de\"},{\"@type\":\"Organization\",\"@id\":\"https:\/\/www.lmp.legal\/#organization\",\"name\":\"LMP Rechtsanw\u00e4lte GmbH\",\"url\":\"https:\/\/www.lmp.legal\/\",\"logo\":{\"@type\":\"ImageObject\",\"inLanguage\":\"de\",\"@id\":\"https:\/\/www.lmp.legal\/#\/schema\/logo\/image\/\",\"url\":\"https:\/\/www.lmp.legal\/wp-content\/uploads\/2020\/08\/Original.png\",\"contentUrl\":\"https:\/\/www.lmp.legal\/wp-content\/uploads\/2020\/08\/Original.png\",\"width\":7500,\"height\":7500,\"caption\":\"LMP Rechtsanw\u00e4lte GmbH\"},\"image\":{\"@id\":\"https:\/\/www.lmp.legal\/#\/schema\/logo\/image\/\"}}]}<\/script>\n<!-- \/ Yoast SEO plugin. -->","yoast_head_json":{"title":"Ihre Boutique - LMP Rechtsanw\u00e4lte GmbH","description":"Effizienter und effektiver Partner in der Rechtsberatung mit \u00f6konomischem Verst\u00e4ndnis. Ihre allgemeinpraktizierende Boutiquekanzlei.","robots":{"index":"index","follow":"follow","max-snippet":"max-snippet:-1","max-image-preview":"max-image-preview:large","max-video-preview":"max-video-preview:-1"},"canonical":"https:\/\/www.lmp.legal\/","og_locale":"de_DE","og_type":"article","og_title":"Ihre Boutique - LMP Rechtsanw\u00e4lte GmbH","og_description":"Effizienter und effektiver Partner in der Rechtsberatung mit \u00f6konomischem Verst\u00e4ndnis. Ihre allgemeinpraktizierende Boutiquekanzlei.","og_url":"https:\/\/www.lmp.legal\/","og_site_name":"LMP Rechtsanw\u00e4lte GmbH","article_modified_time":"2021-08-21T20:48:00+00:00","twitter_card":"summary_large_image","schema":{"@context":"https:\/\/schema.org","@graph":[{"@type":"WebPage","@id":"https:\/\/www.lmp.legal\/","url":"https:\/\/www.lmp.legal\/","name":"Ihre Boutique - LMP Rechtsanw\u00e4lte GmbH","isPartOf":{"@id":"https:\/\/www.lmp.legal\/#website"},"datePublished":"2020-08-05T11:48:25+00:00","dateModified":"2021-08-21T20:48:00+00:00","description":"Effizienter und effektiver Partner in der Rechtsberatung mit \u00f6konomischem Verst\u00e4ndnis. Ihre allgemeinpraktizierende Boutiquekanzlei.","breadcrumb":{"@id":"https:\/\/www.lmp.legal\/#breadcrumb"},"inLanguage":"de","potentialAction":[{"@type":"ReadAction","target":["https:\/\/www.lmp.legal\/"]}]},{"@type":"BreadcrumbList","@id":"https:\/\/www.lmp.legal\/#breadcrumb","itemListElement":[{"@type":"ListItem","position":1,"name":"Home","item":"https:\/\/www.lmp.legal\/"},{"@type":"ListItem","position":2,"name":"Ihre Boutique"}]},{"@type":"WebSite","@id":"https:\/\/www.lmp.legal\/#website","url":"https:\/\/www.lmp.legal\/","name":"LMP Rechtsanw\u00e4lte GmbH","description":"Ihre Boutiquekanzlei","publisher":{"@id":"https:\/\/www.lmp.legal\/#organization"},"potentialAction":[{"@type":"SearchAction","target":{"@type":"EntryPoint","urlTemplate":"https:\/\/www.lmp.legal\/?s={search_term_string}"},"query-input":{"@type":"PropertyValueSpecification","valueRequired":true,"valueName":"search_term_string"}}],"inLanguage":"de"},{"@type":"Organization","@id":"https:\/\/www.lmp.legal\/#organization","name":"LMP Rechtsanw\u00e4lte GmbH","url":"https:\/\/www.lmp.legal\/","logo":{"@type":"ImageObject","inLanguage":"de","@id":"https:\/\/www.lmp.legal\/#\/schema\/logo\/image\/","url":"https:\/\/www.lmp.legal\/wp-content\/uploads\/2020\/08\/Original.png","contentUrl":"https:\/\/www.lmp.legal\/wp-content\/uploads\/2020\/08\/Original.png","width":7500,"height":7500,"caption":"LMP Rechtsanw\u00e4lte GmbH"},"image":{"@id":"https:\/\/www.lmp.legal\/#\/schema\/logo\/image\/"}}]}},"jetpack_sharing_enabled":true,"_links":{"self":[{"href":"https:\/\/www.lmp.legal\/index.php\/wp-json\/wp\/v2\/pages\/10","targetHints":{"allow":["GET"]}}],"collection":[{"href":"https:\/\/www.lmp.legal\/index.php\/wp-json\/wp\/v2\/pages"}],"about":[{"href":"https:\/\/www.lmp.legal\/index.php\/wp-json\/wp\/v2\/types\/page"}],"author":[{"embeddable":true,"href":"https:\/\/www.lmp.legal\/index.php\/wp-json\/wp\/v2\/users\/2"}],"replies":[{"embeddable":true,"href":"https:\/\/www.lmp.legal\/index.php\/wp-json\/wp\/v2\/comments?post=10"}],"version-history":[{"count":8,"href":"https:\/\/www.lmp.legal\/index.php\/wp-json\/wp\/v2\/pages\/10\/revisions"}],"predecessor-version":[{"id":1835,"href":"https:\/\/www.lmp.legal\/index.php\/wp-json\/wp\/v2\/pages\/10\/revisions\/1835"}],"wp:attachment":[{"href":"https:\/\/www.lmp.legal\/index.php\/wp-json\/wp\/v2\/media?parent=10"}],"curies":[{"name":"wp","href":"https:\/\/api.w.org\/{rel}","templated":true}]}}